{"id":16,"date":"2018-05-29T11:13:24","date_gmt":"2018-05-29T11:13:24","guid":{"rendered":"http:\/\/xtratheme.com\/default\/?page_id=14"},"modified":"2023-10-04T07:04:48","modified_gmt":"2023-10-04T05:04:48","slug":"faq","status":"publish","type":"page","link":"https:\/\/www.obchod-servis.cz\/?page_id=16","title":{"rendered":"Slu\u017eby"},"content":{"rendered":"<p>[vc_row css=&#8220;.vc_custom_1497126171788{background-position: center !important;background-repeat: no-repeat !important;background-size: cover !important;}&#8220;][vc_column offset=&#8220;vc_col-lg-4&#8243; css=&#8220;.vc_custom_1531391399212{padding-right: 20px !important;padding-left: 20px !important;}&#8220;]<div id=\"cz_83209\" class=\"cz_83209 cz_image clr cz_image_no_fx center_on_mobile\"><div class=\"\" ><div class=\"cz_image_in\"><div class=\"cz_main_image\"><img width=\"360\" height=\"600\" src=\"data:image\/svg+xml,%3Csvg%20xmlns%3D&#39;http%3A%2F%2Fwww.w3.org%2F2000%2Fsvg&#39;%20width=&#39;360&#39;%20height=&#39;600&#39;%20viewBox%3D&#39;0%200%20360%20600&#39;%2F%3E\" data-czlz data-src=\"https:\/\/www.obchod-servis.cz\/wp-content\/uploads\/2019\/07\/sluzby2.jpg\" class=\"attachment-full\" alt=\"\" data-srcset=\"https:\/\/www.obchod-servis.cz\/wp-content\/uploads\/2019\/07\/sluzby2.jpg 360w, https:\/\/www.obchod-servis.cz\/wp-content\/uploads\/2019\/07\/sluzby2-180x300.jpg 180w, https:\/\/www.obchod-servis.cz\/wp-content\/uploads\/2019\/07\/sluzby2-48x80.jpg 48w\" data-sizes=\"(max-width: 360px) 100vw, 360px\" \/><\/div><\/div><\/div><\/div><div class=\"cz_gap clr \" style=\"height: 60px\"><\/div><div id=\"cz_18415\" class=\"cz_18415 cz_title clr cz_title_has_icon cz_title_pos_inline\"><div class=\"cz_title_content\"><i class=\"cz_title_icon_before fa czico-006-speech-bubble-with-text-lines\"><\/i><div class=\"cz_wpe_content\"><h4>Dotaz na slu\u017ebu<\/h4>\n<p><span style=\"color: #666666;\">Nechte to na n\u00e1s.<\/span><\/p>\n<\/div><\/div><\/div><div id=\"cz_94506\" class=\"cz_94506 cz_cf7 clr\"><div><div role=\"form\" class=\"wpcf7\" id=\"wpcf7-f126-o1\" lang=\"en-US\" dir=\"ltr\">\n<div class=\"screen-reader-response\"><p role=\"status\" aria-live=\"polite\" aria-atomic=\"true\"><\/p> <ul><\/ul><\/div>\n<form action=\"\/index.php?rest_route=%2Fwp%2Fv2%2Fpages%2F16#wpcf7-f126-o1\" method=\"post\" class=\"wpcf7-form init\" novalidate=\"novalidate\" data-status=\"init\">\n<div style=\"display: none;\">\n<input type=\"hidden\" name=\"_wpcf7\" value=\"126\" \/>\n<input type=\"hidden\" name=\"_wpcf7_version\" value=\"5.5.3\" \/>\n<input type=\"hidden\" name=\"_wpcf7_locale\" value=\"en_US\" \/>\n<input type=\"hidden\" name=\"_wpcf7_unit_tag\" value=\"wpcf7-f126-o1\" \/>\n<input type=\"hidden\" name=\"_wpcf7_container_post\" value=\"0\" \/>\n<input type=\"hidden\" name=\"_wpcf7_posted_data_hash\" value=\"\" \/>\n<\/div>\n<p><span class=\"wpcf7-form-control-wrap your-name\"><input type=\"text\" name=\"your-name\" value=\"\" size=\"40\" class=\"wpcf7-form-control wpcf7-text wpcf7-validates-as-required\" aria-required=\"true\" aria-invalid=\"false\" placeholder=\"Va\u0161e Jm\u00e9no (*)\" \/><\/span><\/p>\n<p><span class=\"wpcf7-form-control-wrap your-email\"><input type=\"email\" name=\"your-email\" value=\"\" size=\"40\" class=\"wpcf7-form-control wpcf7-text wpcf7-email wpcf7-validates-as-required wpcf7-validates-as-email\" aria-required=\"true\" aria-invalid=\"false\" placeholder=\"V\u00e1\u0161 Email (*)\" \/><\/span><\/p>\n<p><span class=\"wpcf7-form-control-wrap your-subject\"><input type=\"text\" name=\"your-subject\" value=\"\" size=\"40\" class=\"wpcf7-form-control wpcf7-text\" aria-invalid=\"false\" placeholder=\"P\u0159edm\u011bt\" \/><\/span><\/p>\n<p><span class=\"wpcf7-form-control-wrap menu-178\"><select name=\"menu-178\" class=\"wpcf7-form-control wpcf7-select\" aria-invalid=\"false\"><option value=\"Obchodn\u00ed z\u00e1le\u017eitosti\">Obchodn\u00ed z\u00e1le\u017eitosti<\/option><option value=\"Zemn\u00ed pr\u00e1ce\">Zemn\u00ed pr\u00e1ce<\/option><option value=\"N\u00e1kladn\u00ed autodoprava\">N\u00e1kladn\u00ed autodoprava<\/option><option value=\"Ostatn\u00ed\">Ostatn\u00ed<\/option><\/select><\/span><\/p>\n<p><span class=\"wpcf7-form-control-wrap your-message\"><textarea name=\"your-message\" cols=\"40\" rows=\"10\" class=\"wpcf7-form-control wpcf7-textarea\" aria-invalid=\"false\" placeholder=\"Va\u0161e Jm\u00e9no\"><\/textarea><\/span> <\/p>\n<p><input type=\"submit\" value=\"Odeslat\" class=\"wpcf7-form-control has-spinner wpcf7-submit\" \/><\/p>\n<div class=\"wpcf7-response-output\" aria-hidden=\"true\"><\/div><\/form><\/div><\/div><\/div>[\/vc_column][vc_column offset=&#8220;vc_col-lg-8&#8243; css=&#8220;.vc_custom_1516136899580{padding-right: 20px !important;}&#8220;]<div id=\"cz_56879\" class=\"cz_56879 cz_title clr cz_title_pos_inline\"><div class=\"cz_title_content\"><span class=\"cz_line_side_solo\">_<\/span><div class=\"cz_wpe_content\"><h3><span style=\"font-size: 36px;\">Slu\u017eby<\/span><\/h3>\n<\/div><\/div><\/div><div class=\"cz_gap clr \" style=\"height: 40px\"><\/div><div class=\"cz_gap clr \" style=\"height: 30px\"><\/div><div id=\"cz_98557\" class=\"cz_98557 cz_title clr cz_title_has_icon cz_title_pos_inline\"><div class=\"cz_title_content\"><i class=\"cz_title_icon_before fa fa-question\"><\/i><div class=\"cz_wpe_content\"><h4>Dopravn\u00ed stavby Janouch<\/h4>\n<p><span style=\"color: #666666;\">Kompletn\u00ed slu\u017eby.<\/span><\/p>\n<\/div><\/div><\/div><div id=\"cz_64910\" data-arrows='{\"open\":\"fa fa-angle-down\",\"close\":\"fa fa-angle-up\"}' class=\"cz_64910 cz_acc clr cz_acc_toggle cz_acc_first_open\"><div><div id=\"cz_36677\"><span class=\"cz_acc_child\"><i class=\"cz-acc-i cz-acc-icon fa fa-bookmark-o\"><\/i><div>Prodej a dovoz zeminy, betonu (betonhronek.cz), \u0161t\u011brk\u016f, p\u00edsk\u016f a dal\u0161\u00edch sypk\u00fdch hmot<\/div><\/span><div class=\"cz_acc_child_content clr\">[vc_column_text]Pro Va\u0161e pot\u0159eby nab\u00edz\u00edme tak\u00e9\u00a0<strong>prodej zeminy, prodej betonu, prodej such\u00fdch beton\u016f, prodej \u0161t\u011brku, prodej p\u00edsku a prodej dal\u0161\u00edch sypk\u00fdch hmot<\/strong>. Konkr\u00e9tn\u00ed informace o cen\u00e1ch materi\u00e1l\u016f V\u00e1m sd\u011bl\u00edme po telefonu. Mezi na\u0161e slu\u017eby tak\u00e9 pat\u0159\u00ed doprava t\u011bchto materi\u00e1l\u016f, tedy doprava\u00a0<strong>zeminy<\/strong>, doprava\u00a0<strong>betonu<\/strong>, doprava\u00a0<strong>\u0161t\u011brk\u016f<\/strong>\u00a0a dal\u0161\u00edch.\u00a0 V\u00a0nab\u00eddce m\u00e1me nejen prodej materi\u00e1l\u016f, ale tak\u00e9 slu\u017eby realizovan\u00e9 pomoc\u00ed na\u0161eho vybaven\u00ed jako jsou\u00a0<a href=\"http:\/\/www.bagrovani-praha.cz\/technika\/\">stavebn\u00ed stroje<\/a>. Na\u0161i kvalifikovan\u00ed kolegov\u00e9 jsou d\u00edky vybaven\u00ed schopni vykon\u00e1vat ve\u0161ker\u00e9\u00a0<a href=\"http:\/\/www.bagrovani-praha.cz\/\">zemn\u00ed pr\u00e1ce<\/a>\u00a0na kl\u00ed\u010d a to kompletn\u011b pod jednou st\u0159echou.[\/vc_column_text]<\/div><\/div><div id=\"cz_36677\"><span class=\"cz_acc_child\"><i class=\"cz-acc-i cz-acc-icon fa fa-bookmark-o\"><\/i><div>V\u00fdkopov\u00e9 pr\u00e1ce r\u016fzn\u00e9ho rozsahu od z\u00e1klad\u016f pro ploty, p\u0159es v\u00fdkopy pro baz\u00e9ny po kanalizace<\/div><\/span><div class=\"cz_acc_child_content clr\">[vc_column_text]Realizujeme\u00a0<a href=\"http:\/\/www.bagrovani-praha.cz\/\">zemn\u00ed pr\u00e1ce<\/a>\u00a0dle zad\u00e1n\u00ed klienta v m\u00edst\u011b nebo na z\u00e1klad\u011b projektov\u00e9 dokumentace pro\u00a0<strong>v\u00fdkopov\u00e9 pr\u00e1ce<\/strong>\u00a0ur\u010den\u00e9. Konkr\u00e9tn\u011b nab\u00edz\u00edme\u00a0<strong>v\u00fdkopov\u00e9 pr\u00e1ce<\/strong>\u00a0r\u016fzn\u00fdch \u0161\u00ed\u0159ek a hloubek od hlouben\u00ed sklep\u016f, z\u00e1kladov\u00fdch p\u00e1s\u016f, v\u00fdkop\u016f pro baz\u00e9ny a j\u00edmky \u010di v\u00fdkopy pro pokl\u00e1dku in\u017een\u00fdrsk\u00fdch s\u00edt\u00ed. Ve\u0161ker\u00e9 zemn\u00ed a v\u00fdkopov\u00e9 pr\u00e1ce realizujeme pomoc\u00ed na\u0161\u00ed techniky. Ru\u010dn\u00ed v\u00fdkopov\u00e9 pr\u00e1ce neprov\u00e1d\u00edme.[\/vc_column_text]<\/div><\/div><div id=\"cz_70185\"><span class=\"cz_acc_child\"><div>Rozhrnov\u00e1n\u00ed, p\u0159emis\u0165ov\u00e1n\u00ed a nakl\u00e1d\u00e1n\u00ed zeminy a materi\u00e1l\u016f<\/div><\/span><div class=\"cz_acc_child_content clr\">[vc_column_text]Nab\u00edz\u00edme kompletn\u00ed<span class=\"apple-converted-space\">\u00a0<\/span><strong>\u00fapravy ter\u00e9n\u016f<\/strong><span class=\"apple-converted-space\">\u00a0<\/span><strong>p\u0159i zakl\u00e1d\u00e1n\u00ed staveb,<\/strong><span class=\"apple-converted-space\">\u00a0<\/span>nebo p\u0159i realizaci zahrad. Zahradu \u010di jinou plochu vysp\u00e1dujeme, vytvarujeme a vyrovn\u00e1me pomoc\u00ed na\u0161\u00ed techniky dle Va\u0161ich po\u017eadavk\u016f. Rozhrnov\u00e1n\u00ed ter\u00e9nu d\u011bl\u00e1me pomoc\u00ed p\u00e1sov\u00e9ho rypadla Takeuchi TB138FR, kter\u00e9 pou\u017e\u00edv\u00e1me pro v\u0161echny zemn\u00ed pr\u00e1ce.<\/p>\n<p>Pot\u0159ebujete li jen p\u0159em\u00edstit v\u011bt\u0161\u00ed mno\u017estv\u00ed<span class=\"apple-converted-space\">\u00a0<\/span><a href=\"http:\/\/www.bagrovani-praha.cz\/sluzby\/odvoz-a-likvidace-zeminy-praha\/\">zeminy<\/a><span class=\"apple-converted-space\">\u00a0<\/span>na zahrad\u011b \u010di nalo\u017eit a odv\u00e9zt odpadn\u00ed stavebn\u00ed su\u0165, r\u00e1di V\u00e1m pom\u016f\u017eeme. Ve\u0161ker\u00e9<span class=\"apple-converted-space\">\u00a0<\/span><a href=\"http:\/\/www.bagrovani-praha.cz\/\">zemn\u00ed pr\u00e1ce<\/a><span class=\"apple-converted-space\">\u00a0<\/span>prov\u00e1d\u00edme profesion\u00e1ln\u011b a s\u00a0n\u00e1le\u017eit\u00fdm postupem.[\/vc_column_text]<\/div><\/div><div id=\"cz_92297\"><span class=\"cz_acc_child\"><div>Stavby a opravy men\u0161\u00edho rozsahu<\/div><\/span><div class=\"cz_acc_child_content clr\">[vc_column_text]\u2022 Realizace a opravy komunikac\u00ed chodn\u00edk\u016f,parkovi\u0161\u0165 a zpevn\u011bn\u00fdch ploch<\/p>\n<p>\u2022 Rekonstrukce prahov\u00fdch vpust\u00ed<\/p>\n<p>\u2022 Odvodn\u011bn\u00ed komunikac\u00ed (p\u0159\u00edkopy, \u017elaby, propustky)<br \/>\n\u2022 V\u00fd\u0161kov\u00e9 \u00fapravy uli\u010dn\u00edch vpust\u00ed a poklop\u016f \u0161achet v komunikac\u00edch<br \/>\n\u2022 Zemn\u00ed a v\u00fdkopov\u00e9 pr\u00e1ce<br \/>\n\u2022 Odvoz suti nebo \u010dern\u00fdch skl\u00e1dek<br \/>\n\u2022 Demolice nebezpe\u010dn\u00fdch objekt\u016f<br \/>\n\u2022 Stavby pro pln\u011bn\u00ed funkce lesa \u2013 Opravy a v\u00fdstavby lesn\u00edch cest, propustky, meliorace<br \/>\n\u2022 Vodohospod\u00e1\u0159sk\u00e1 pr\u00e1ce \u2013 \u010ci\u0161t\u011bn\u00ed a obnova p\u0159\u00edkop\u016f, stok, potok\u016f a drobn\u00fdch vodn\u00edch tok\u016f[\/vc_column_text]<\/div><\/div><div id=\"cz_62245\"><span class=\"cz_acc_child\"><div>\u00dapravy ter\u00e9nu a bagrov\u00e1n\u00ed v \u0161\u00ed\u0159k\u00e1ch 25, 45, 60, a 115cm do hloubky cca. 4m<\/div><\/span><div class=\"cz_acc_child_content clr\">[vc_column_text]Pro r\u016fzn\u00e9 druhy v\u00fdkop\u016f pou\u017e\u00edv\u00e1me na\u00a0<a href=\"http:\/\/www.bagrovani-praha.cz\/\">zemn\u00ed pr\u00e1ce<\/a> r\u016fzn\u00e9 \u0161\u00ed\u0159ky l\u017eic na na\u0161ich bagrech a rypadlech. \u0160\u00ed\u0159ku 25 cm pou\u017e\u00edv\u00e1me na <a href=\"http:\/\/www.bagrovani-praha.cz\/\">zemn\u00ed pr\u00e1ce<\/a> p\u0159i v\u00fdkopu nap\u0159.: vnit\u0159n\u00edch z\u00e1kladov\u00fdch zd\u00ed u rodinn\u00fdch dom\u016f, \u0161\u00ed\u0159ku 45 ku p\u0159\u00edkladu p\u0159i v\u00fdkopech pro p\u0159\u00edpravu z\u00e1klad\u016f pro zd\u011bn\u00e9 ploty a \u0161\u00ed\u0159ku 60 cm pro <a href=\"http:\/\/www.bagrovani-praha.cz\/\">zemn\u00ed pr\u00e1ce<\/a> v\u011bt\u0161\u00edho rozsahu jako jsou v\u00fdkopy j\u00edmek \u010di ve\u0159ejn\u00e9 kanalizace nebo v\u011bt\u0161\u00edch z\u00e1klad\u016f. Pro svahovac\u00ed zemn\u00ed pr\u00e1ce vyu\u017e\u00edv\u00e1me potom tzv. svahovou l\u017e\u00edci o \u0161\u00ed\u0159ce 115cm, kterou dok\u00e1\u017eeme ter\u00e9n i srovnat dle Va\u0161ich po\u017eadavk\u016f. Ve\u0161ker\u00e9 <a href=\"http:\/\/www.bagrovani-praha.cz\/\">zemn\u00ed pr\u00e1ce<\/a>\u00a0prov\u00e1d\u00edme na kl\u00ed\u010d.[\/vc_column_text]<\/div><\/div><div id=\"cz_31807\"><span class=\"cz_acc_child\"><div>Pokl\u00e1dka z\u00e1mkov\u00e9 dla\u017eby<\/div><\/span><div class=\"cz_acc_child_content clr\">[vc_column_text]Nab\u00edz\u00edme nejen kompletn\u00ed\u00a0<a href=\"http:\/\/www.bagrovani-praha.cz\/\">zemn\u00ed pr\u00e1ce<\/a>, ale na\u0161\u00ed dal\u0161\u00ed slu\u017ebou v\u00a0portfoliu je pokl\u00e1dka\u00a0<strong>z\u00e1mkov\u00e9 dla\u017eby<\/strong>\u00a0r\u016fzn\u00fdch druh\u016f. Pokl\u00e1dku\u00a0<strong>z\u00e1mkov\u00e9 dla\u017eby<\/strong>\u00a0realizujeme na r\u016fzn\u011b velk\u00fdch ploch\u00e1ch s r\u016fzn\u00fdm sp\u00e1dem. Pr\u00e1ce d\u011bl\u00e1me komplexn\u011b, po\u010d\u00ednaje v\u00fdkopem vlastn\u00ed technikou p\u0159es z\u00e1syp a hutn\u011bn\u00ed podlo\u017e\u00ed a\u017e po samotnou pokl\u00e1dku dla\u017eby. V\u00a0p\u0159\u00edpad\u011b pot\u0159eby z\u00e1mkovou dla\u017ebu tak\u00e9 p\u0159ivezeme a slo\u017e\u00edme pomoc\u00ed na\u0161\u00ed techniky.[\/vc_column_text]<\/div><\/div><div id=\"cz_30414\"><span class=\"cz_acc_child\"><div>Reten\u010dn\u00ed j\u00edmky<\/div><\/span><div class=\"cz_acc_child_content clr\">[vc_column_text]Dod\u00e1v\u00e1me cel\u00e9 \u0159e\u0161en\u00ed\u00a0<strong>reten\u010dn\u00edch j\u00edmek<\/strong>\u00a0a vsakovac\u00edch n\u00e1dr\u017e\u00ed na kl\u00ed\u010d. Specifikujte n\u00e1m Va\u0161e pot\u0159eby a p\u0159edstavy, dod\u00e1me V\u00e1m vhodnou n\u00e1dr\u017e dle n\u00e1rok\u016f na materi\u00e1l, mont\u00e1\u017e i rozm\u011br, vykopeme d\u00edru k ulo\u017een\u00ed reten\u010dn\u00ed j\u00edmky, odvezeme vznikl\u00fd odpad z v\u00fdkopu. N\u00e1sledn\u011b p\u0159iprav\u00edme podlo\u017e\u00ed dle pot\u0159eb vybran\u00e9 n\u00e1dr\u017ee, za\u0159\u00edzen\u00ed usad\u00edme, nainstalujeme a p\u0159ipoj\u00edme k potrub\u00ed. V\u0161e na kl\u00ed\u010d od po\u010d\u00e1tku a\u017e do konce realizace.[\/vc_column_text]<\/div><\/div><div id=\"cz_92297\"><span class=\"cz_acc_child\"><div>Demolice<\/div><\/span><div class=\"cz_acc_child_content clr\">[vc_column_text]Nab\u00edz\u00edme kompletn\u00ed realizace\u00a0<strong>demolic\u00ed<\/strong>\u00a0a to jak rodinn\u00fdch dom\u016f, tak komer\u010dn\u00edch \u010di zem\u011bd\u011blsk\u00fdch budov. Tyto\u00a0<strong>demolice<\/strong> prov\u00e1d\u00edme pomoc\u00ed na\u0161\u00ed techniky, tedy hlavn\u011b p\u00e1sov\u00fdmi rypadly. Su\u0165 a stavebn\u00ed odpad z <strong>demolice<\/strong>\u00a0nalo\u017e\u00edme, odvezeme a ulo\u017e\u00edme na p\u0159\u00edslu\u0161nou skl\u00e1dku.[\/vc_column_text]<\/div><\/div><div id=\"cz_62245\"><span class=\"cz_acc_child\"><div>Pron\u00e1jem kontejner\u016f na hl\u00ednu, sut\u011b a odpad a n\u00e1sledn\u00fd odvoz<\/div><\/span><div class=\"cz_acc_child_content clr\">[vc_column_text]Poskytujeme\u00a0<strong>pron\u00e1jem kontejner\u016f<\/strong>\u00a0dle platn\u00e9ho cen\u00edku. P\u0159istaven\u00ed kontejneru realizujeme na m\u00edsto dle Va\u0161eho po\u017eadavku, n\u00e1sledn\u011b pln\u00fd\u00a0<strong>kontejner<\/strong>\u00a0vyzvedneme a zavezeme na skl\u00e1dku \u010di deponii dle dohody. Odv\u00e1\u017e\u00edme a ukl\u00e1d\u00e1me su\u0165, zeminu a odpady i samostatn\u011b mimo prov\u00e1d\u011bn\u00ed\u00a0<a href=\"http:\/\/www.bagrovani-praha.cz\/\">zemn\u00edch prac\u00ed<\/a>. Kontejner si m\u016f\u017eete tak\u00e9 pronajmout na del\u0161\u00ed dobu a to za cenu de cen\u00edku. Pro v\u00edce informac\u00ed n\u00e1m zavoljte nebo napi\u0161te email.[\/vc_column_text]<\/div><\/div><div id=\"cz_31807\"><span class=\"cz_acc_child\"><div>Vodovodn\u00ed a kanaliza\u010dn\u00ed p\u0159\u00edpojky<\/div><\/span><div class=\"cz_acc_child_content clr\">[vc_column_text]Nab\u00edz\u00edme kompletn\u00ed realizaci<strong>\u00a0vodovodn\u00edch p\u0159\u00edpojek a kanaliza\u010dn\u00edch p\u0159\u00edpojek<\/strong>\u00a0v\u00a0m\u00edst\u011b Va\u0161eho pozemku. Na z\u00e1klad\u011b povolen\u00ed k\u00a0p\u0159ipojen\u00ed a projektov\u00e9 dokumentace postupujeme a dod\u00e1v\u00e1me tyto pr\u00e1ce na kl\u00ed\u010d.\u00a0<strong>In\u017een\u00fdrsk\u00e9 s\u00edt\u011b<\/strong>\u00a0realizujeme jak pro mal\u00e9 stavby, tak pro vet\u0161\u00ed komplexy. Disponujeme vlastn\u00ed technikou pro kompletn\u00ed realizaci.[\/vc_column_text]<\/div><\/div><div id=\"cz_31807\"><span class=\"cz_acc_child\"><div>Pro nakl\u00e1d\u00e1n\u00ed materi\u00e1l\u016f a za\u0159\u00edzen\u00ed ulo\u017een\u00fdch na palet\u00e1ch pou\u017e\u00edv\u00e1me paletov\u00e9 vidle<\/div><\/span><div class=\"cz_acc_child_content clr\">[vc_column_text]Pro nakl\u00e1dku a vykl\u00e1dku r\u016fzn\u00fdch materi\u00e1l\u016f pou\u017e\u00edv\u00e1me smykov\u00fd naklada\u010d v kombinaci s paletiza\u010dn\u00edmi vidlemi \u010di lopatou. Dok\u00e1\u017eeme nalo\u017eit i vysok\u00e9 n\u00e1kladn\u00ed vozy jak paletami, tak sypk\u00fdm materi\u00e1lem, d\u00edky \u010demu\u017e jsme schopni na staveni\u0161ti prov\u00e1d\u011bt ve\u0161ker\u00e9\u00a0<a href=\"http:\/\/www.bagrovani-praha.cz\/\">zemn\u00ed pr\u00e1ce<\/a>\u00a0rychle a efektivn\u011b tak, aby z\u00e1kazn\u00edk byl spokojen.[\/vc_column_text]<\/div><\/div><\/div><\/div>[\/vc_column][\/vc_row][vc_row][vc_column]<div class=\"cz_gap clr \" style=\"height: 100px\"><\/div>[\/vc_column][\/vc_row]<\/p>\n","protected":false},"excerpt":{"rendered":"<p>[vc_row css=&#8220;.vc_custom_1497126171788{background-position: center !important;background-repeat: no-repeat !important;background-size: cover !important;}&#8220;][vc_column offset=&#8220;vc_col-lg-4&#8243; css=&#8220;.vc_custom_1531391399212{padding-right: 20px &#8230; <\/p>\n","protected":false},"author":1,"featured_media":0,"parent":0,"menu_order":0,"comment_status":"closed","ping_status":"closed","template":"","meta":[],"_links":{"self":[{"href":"https:\/\/www.obchod-servis.cz\/index.php?rest_route=\/wp\/v2\/pages\/16"}],"collection":[{"href":"https:\/\/www.obchod-servis.cz\/index.php?rest_route=\/wp\/v2\/pages"}],"about":[{"href":"https:\/\/www.obchod-servis.cz\/index.php?rest_route=\/wp\/v2\/types\/page"}],"author":[{"embeddable":true,"href":"https:\/\/www.obchod-servis.cz\/index.php?rest_route=\/wp\/v2\/users\/1"}],"replies":[{"embeddable":true,"href":"https:\/\/www.obchod-servis.cz\/index.php?rest_route=%2Fwp%2Fv2%2Fcomments&post=16"}],"version-history":[{"count":9,"href":"https:\/\/www.obchod-servis.cz\/index.php?rest_route=\/wp\/v2\/pages\/16\/revisions"}],"predecessor-version":[{"id":1953,"href":"https:\/\/www.obchod-servis.cz\/index.php?rest_route=\/wp\/v2\/pages\/16\/revisions\/1953"}],"wp:attachment":[{"href":"https:\/\/www.obchod-servis.cz\/index.php?rest_route=%2Fwp%2Fv2%2Fmedia&parent=16"}],"curies":[{"name":"wp","href":"https:\/\/api.w.org\/{rel}","templated":true}]}}