{"id":17,"date":"2018-05-29T11:14:04","date_gmt":"2018-05-29T11:14:04","guid":{"rendered":"http:\/\/xtratheme.com\/default\/?page_id=17"},"modified":"2025-09-29T14:45:27","modified_gmt":"2025-09-29T12:45:27","slug":"contact-us","status":"publish","type":"page","link":"https:\/\/www.obchod-servis.cz\/?page_id=17","title":{"rendered":"Kontakt"},"content":{"rendered":"<p>[vc_row full_width=&#8220;stretch_row&#8220; css=&#8220;.vc_custom_1532253620037{padding-top: 60px !important;padding-bottom: 10px !important;background-color: rgba(204,44,36,0.2) !important;*background-color: rgb(204,44,36) !important;}&#8220;][vc_column offset=&#8220;vc_col-md-4&#8243;]<div id=\"cz_109593\" class=\"cz_109593 services clr style1 cz_sbi_fx_1 left\"><div class=\"service_custom\"><i class=\"fa czico-007-phone-chat-with-wifi-signal\"><\/i><\/div><div class=\"service_text\"><h3>Telefon<\/h3><div class=\"cz_wpe_content\"><a href=\"tel:0016675534566\"><span style=\"font-size: 18px; color: #666666;\">+420 776 077 414<\/span><\/a><\/div><\/div><\/div>[\/vc_column][vc_column offset=&#8220;vc_col-md-4&#8243;]<div id=\"cz_11157\" class=\"cz_11157 services clr style1 cz_sbi_fx_1 left\"><div class=\"service_custom\"><i class=\"fa czico-006-speech-bubble-with-text-lines\"><\/i><\/div><div class=\"service_text\"><h3>Email<\/h3><div class=\"cz_wpe_content\"><span style=\"font-size: 18px; color: #666666;\">obchodservis@email.cz<\/span><\/div><\/div><\/div>[\/vc_column][vc_column offset=&#8220;vc_col-md-4&#8243;]<div id=\"cz_35769\" class=\"cz_35769 services clr style1 cz_sbi_fx_1 left\"><div class=\"service_custom\"><i class=\"fa czico-082-maps-and-flags\"><\/i><\/div><div class=\"service_text\"><h3>S\u00eddlo firmy<\/h3><div class=\"cz_wpe_content\"><p style=\"text-align: left;\"><span style=\"font-size: 18px; color: #666666;\">Zborov 108, Such\u00e9 Vrbn\u00e9\u00a0<\/span><span style=\"font-size: 18px; color: #666666;\">370 06<\/span><\/p>\n<\/div><\/div><\/div>[\/vc_column][\/vc_row][vc_row full_width=&#8220;stretch_row&#8220;][vc_column offset=&#8220;vc_col-md-6&#8243;]<div class=\"cz_gap clr \" style=\"height: 80px\"><\/div><div id=\"cz_25938\" class=\"cz_25938 cz_title clr cz_title_pos_inline\"><div class=\"cz_title_content\"><span class=\"cz_line_side_solo\">_<\/span><div class=\"cz_wpe_content\"><h3><span style=\"font-size: 36px;\">Spojte se\u00a0\u00a0<span style=\"color: #cc2c24;\">s n\u00e1mi<\/span><\/span><\/h3>\n<p><span style=\"color: #aaaaaa; font-size: 18px;\">Kontaktujte n\u00e1s je\u0161t\u011b dnes!<\/span><\/p>\n<\/div><\/div><\/div><div id=\"cz_89308\" class=\"cz_89308 cz_title clr cz_title_pos_inline\"><div class=\"cz_title_content\"><div class=\"cz_wpe_content\"><p><span style=\"font-size: 18px;\">Spojte se s n\u00e1mi jednodu\u0161e p\u0159es kontaktn\u00ed formul\u00e1\u0159, budeme se sna\u017eit odpov\u011bd\u011bt co nejd\u0159\u00edve na v\u0161echny Va\u0161e dotazy.<\/span><\/p>\n<p><span style=\"font-size: 18px;\">Chcete-li n\u00e1s kontaktovat jinak, zkuste to p\u0159es kontakty v\u00fd\u0161e uveden\u00e9.<\/span><\/p>\n<\/div><\/div><\/div><div class=\"cz_gap clr  hide_on_tablet hide_on_mobile\" style=\"height: 50px\"><\/div><div class=\"cz_gap show_on_tablet clr \" style=\"height: 0px\"><\/div><div id=\"cz_104211\" class=\"cz_104211 cz_social_icons cz_social clr cz_social_fx_10 tal cz_social_colored_hover cz_tooltip cz_tooltip_up\"><a href=\"https:\/\/www.facebook.com\/obchodservis\/#\" class=\"cz-facebook\" target=\"_blank\" rel=\"noopener noreferrer\" data-title=\"Facebook\" aria-label=\"Facebook\"><i class=\"fa fa-facebook\"><\/i><\/a><a href=\"https:\/\/www.instagram.com\/obchodservis\/\" class=\"cz-instagram\" target=\"_blank\" rel=\"noopener noreferrer\" data-title=\"Instagram\" aria-label=\"Instagram\"><i class=\"fa fa-instagram\"><\/i><\/a><\/div><div class=\"cz_gap clr  hide_on_tablet hide_on_mobile\" style=\"height: 60px\"><\/div><div class=\"cz_gap show_on_tablet clr \" style=\"height: 0px\"><\/div>[\/vc_column][vc_column offset=&#8220;vc_col-md-6&#8243;]<div class=\"cz_gap clr \" style=\"height: 80px\"><\/div><div id=\"cz_12730\" class=\"cz_12730 cz_title clr cz_title_pos_inline\"><div class=\"cz_title_content\"><span class=\"cz_line_side_solo\">_<\/span><div class=\"cz_wpe_content\"><h3><span style=\"font-size: 36px;\">Kontaktn\u00ed\u00a0\u00a0<span style=\"color: #cc2c24;\">informace<\/span><\/span><\/h3>\n<p><span style=\"color: #aaaaaa; font-size: 18px;\">Dopravn\u00ed stavby Janouch s.r.o.<\/span><\/p>\n<p><span style=\"color: #aaaaaa; font-size: 18px;\">Zborov 57<\/span><\/p>\n<p><span style=\"color: #aaaaaa; font-size: 18px;\">Ledenice 37006<\/span><\/p>\n<p><span style=\"color: #aaaaaa; font-size: 18px;\">I\u010c 23096519, Pl\u00e1tce DPH<\/span><\/p>\n<p><strong>Datov\u00e1 schr\u00e1nka: 7tnvjrg<\/strong><\/p>\n<\/div><\/div><\/div><div class=\"cz_gap clr \" style=\"height: 80px\"><\/div><div id=\"cz_57386\" class=\"cz_57386 cz_cf7 clr\"><div><div role=\"form\" class=\"wpcf7\" id=\"wpcf7-f126-o1\" lang=\"en-US\" dir=\"ltr\">\n<div class=\"screen-reader-response\"><p role=\"status\" aria-live=\"polite\" aria-atomic=\"true\"><\/p> <ul><\/ul><\/div>\n<form action=\"\/index.php?rest_route=%2Fwp%2Fv2%2Fpages%2F17#wpcf7-f126-o1\" method=\"post\" class=\"wpcf7-form init\" novalidate=\"novalidate\" data-status=\"init\">\n<div style=\"display: none;\">\n<input type=\"hidden\" name=\"_wpcf7\" value=\"126\" \/>\n<input type=\"hidden\" name=\"_wpcf7_version\" value=\"5.5.3\" \/>\n<input type=\"hidden\" name=\"_wpcf7_locale\" value=\"en_US\" \/>\n<input type=\"hidden\" name=\"_wpcf7_unit_tag\" value=\"wpcf7-f126-o1\" \/>\n<input type=\"hidden\" name=\"_wpcf7_container_post\" value=\"0\" \/>\n<input type=\"hidden\" name=\"_wpcf7_posted_data_hash\" value=\"\" \/>\n<\/div>\n<p><span class=\"wpcf7-form-control-wrap your-name\"><input type=\"text\" name=\"your-name\" value=\"\" size=\"40\" class=\"wpcf7-form-control wpcf7-text wpcf7-validates-as-required\" aria-required=\"true\" aria-invalid=\"false\" placeholder=\"Va\u0161e Jm\u00e9no (*)\" \/><\/span><\/p>\n<p><span class=\"wpcf7-form-control-wrap your-email\"><input type=\"email\" name=\"your-email\" value=\"\" size=\"40\" class=\"wpcf7-form-control wpcf7-text wpcf7-email wpcf7-validates-as-required wpcf7-validates-as-email\" aria-required=\"true\" aria-invalid=\"false\" placeholder=\"V\u00e1\u0161 Email (*)\" \/><\/span><\/p>\n<p><span class=\"wpcf7-form-control-wrap your-subject\"><input type=\"text\" name=\"your-subject\" value=\"\" size=\"40\" class=\"wpcf7-form-control wpcf7-text\" aria-invalid=\"false\" placeholder=\"P\u0159edm\u011bt\" \/><\/span><\/p>\n<p><span class=\"wpcf7-form-control-wrap menu-178\"><select name=\"menu-178\" class=\"wpcf7-form-control wpcf7-select\" aria-invalid=\"false\"><option value=\"Obchodn\u00ed z\u00e1le\u017eitosti\">Obchodn\u00ed z\u00e1le\u017eitosti<\/option><option value=\"Zemn\u00ed pr\u00e1ce\">Zemn\u00ed pr\u00e1ce<\/option><option value=\"N\u00e1kladn\u00ed autodoprava\">N\u00e1kladn\u00ed autodoprava<\/option><option value=\"Ostatn\u00ed\">Ostatn\u00ed<\/option><\/select><\/span><\/p>\n<p><span class=\"wpcf7-form-control-wrap your-message\"><textarea name=\"your-message\" cols=\"40\" rows=\"10\" class=\"wpcf7-form-control wpcf7-textarea\" aria-invalid=\"false\" placeholder=\"Va\u0161e Jm\u00e9no\"><\/textarea><\/span> <\/p>\n<p><input type=\"submit\" value=\"Odeslat\" class=\"wpcf7-form-control has-spinner wpcf7-submit\" \/><\/p>\n<div class=\"wpcf7-response-output\" aria-hidden=\"true\"><\/div><\/form><\/div><\/div><\/div><div class=\"cz_gap clr \" style=\"height: 40px\"><\/div>[\/vc_column][\/vc_row][vc_row full_width=&#8220;stretch_row_content_no_spaces&#8220;][vc_column]<div id=\"cz_44235\" class=\"cz_44235 gmap\" data-api-key=\"AIzaSyCXwJOc5fy6YLBsh2hwujCF-U9h6KuoYnA\"> <\/div><div ><\/div><script>\r\n\t\t\tfunction mapfucntion_cz_44235() {\r\n\r\n\t\t\t\tgoogle.maps.Map.prototype.setCenterWithOffset = function(latlng, offsetX, offsetY) {\r\n\t\t\t\t    var map = this;\r\n\t\t\t\t    var ov = new google.maps.OverlayView();\r\n\t\t\t\t    ov.onAdd = function() {\r\n\t\t\t\t        var proj = this.getProjection();\r\n\t\t\t\t        var aPoint = proj.fromLatLngToContainerPixel(latlng);\r\n\t\t\t\t        aPoint.x = aPoint.x+offsetX;\r\n\t\t\t\t        aPoint.y = aPoint.y+offsetY;\r\n\t\t\t\t        map.setCenter(proj.fromContainerPixelToLatLng(aPoint));\r\n\t\t\t\t    }; \r\n\t\t\t\t    ov.draw = function() {}; \r\n\t\t\t\t    ov.setMap(this); \r\n\t\t\t\t};\r\n\r\n\t\t\t\tvar windx = jQuery(window), \r\n\r\n\t\t\t\t\tlatlng = { lat:48.937406, lng:14.566667},\r\n\r\n\t\t\t\t\tmyOptions = {\r\n\t\t\t\t\t\tmapId: \"\",\r\n\t\t\t\t\t\tzoom: 14,\r\n\t\t\t\t\t\tscrollwheel: false,\r\n\t\t\t\t\t\tdisableDefaultUI: false,\r\n\t\t\t\t\t\tcenter: latlng\r\n\t\t\t\t\t},\r\n\r\n\t\t\t\t\tcz_44235 = new google.maps.Map(document.getElementById(\"cz_44235\"), myOptions ),\r\n\r\n\t\t\t\t\tsetCenterOffset = function() {\r\n\r\n\t\t\t\t\t\tif ( windx.width() < 768 ) {\r\n\t\t\t\t\t\t\tcz_44235.setCenterWithOffset( latlng, 0, 0 );\r\n\t\t\t\t\t\t} else {\r\n\t\t\t\t\t\t\tcz_44235.setCenterWithOffset( latlng, 0, 0 );\r\n\t\t\t\t\t\t}\r\n\r\n\t\t\t\t\t};\r\n\r\n\t\t\t\tsetCenterOffset();\r\n\r\n\t\t\t\twindx.on( \"resize\", function() {\r\n\t\t\t\t\tsetCenterOffset();\r\n\t\t\t\t});\r\n\t\t\tvar styles = [{\"featureType\": \"all\",stylers: [{ hue: \"#fc9e23\" },{ saturation: -20}]}];var styledMap = new google.maps.StyledMapType(styles,{name: \"Styled Map\"});cz_44235.mapTypes.set(\"map_style\", styledMap);  cz_44235.setMapTypeId(\"map_style\");class CustomMarker extends google.maps.OverlayView {\r\n\t\t\t    constructor(position, map) {\r\n\t\t\t        super();\r\n\t\t\t        this.position = position;\r\n\t\t\t        this.map = map;\r\n\t\t\t        this.div = null;\r\n\t\t\t        this.setMap(map);\r\n\t\t\t    }\r\n\r\n\t\t\t    onAdd() {\r\n\t\t\t        this.div = document.createElement(\"div\");\r\n\t\t\t        this.div.style.position = \"absolute\";\r\n\t\t\t        this.div.style.cursor = \"pointer\";\r\n\t\t\t        this.div.style.transform = \"translate(-50%, -100%)\";\r\n\t\t\t        this.div.innerHTML = `<div style=\"position:relative; text-align:center;\">\r\n\t\t\t                                <div style=\"position:absolute;top: -10px;left: 50%;transform: translate(-50%, -100%);background: white;color: #202020;padding: 15px 20px;border-radius: 2px;font-size: 15px;white-space: nowrap;box-shadow: 0px 2px 10px rgba(0, 0, 0, 0.2);display: none;font-family: Arial, sans-serif;\" class=\"codevz-map-tooltip\">\r\n\t\t\t                                \tAutodoprava Janouch\r\n\t\t\t                                <\/div>\r\n\t\t\t                                <img src=\"https:\/\/www.obchod-servis.cz\/wp-content\/uploads\/2018\/07\/pin-1.png\" style=\"display:block;\" class=\"lazyDone\" \/>\r\n\t\t\t                              <\/div>`;\r\n\r\n\t\t\t        this.getPanes().overlayMouseTarget.appendChild(this.div);\r\n\t\t\t        this.tooltip = this.div.querySelector(\".codevz-map-tooltip\");\r\n\r\n\t\t\t        \/\/ Show title on click\r\n\t\t\t        this.div.addEventListener(\"click\", (event) => {\r\n\t\t\t            event.stopPropagation();\r\n\t\t\t            this.tooltip.style.display = this.tooltip.style.display === \"block\" ? \"none\" : \"block\";\r\n\t\t\t        });\r\n\r\n\t\t\t        \/\/ Hide title when clicking outside\r\n\t\t\t        google.maps.event.addListener(this.map, \"click\", () => {\r\n\t\t\t            this.tooltip.style.display = \"none\";\r\n\t\t\t        });\r\n\t\t\t    }\r\n\r\n\t\t\t    draw() {\r\n\t\t\t        const overlayProjection = this.getProjection();\r\n\t\t\t        const position = overlayProjection.fromLatLngToDivPixel(this.position);\r\n\r\n\t\t\t        if (position && this.div) {\r\n\t\t\t            this.div.style.left = `${position.x}px`;\r\n\t\t\t            this.div.style.top = `${position.y}px`;\r\n\t\t\t        }\r\n\t\t\t    }\r\n\r\n\t\t\t    onRemove() {\r\n\t\t\t        if (this.div) {\r\n\t\t\t            this.div.parentNode.removeChild(this.div);\r\n\t\t\t            this.div = null;\r\n\t\t\t        }\r\n\t\t\t    }\r\n\t\t\t}\r\n\r\n\t\t\t\/\/ Add a custom marker at a specific location\r\n\t\t\tnew CustomMarker(new google.maps.LatLng(48.937406, 14.566667), cz_44235);\r\n\t\t\t}<\/script>[\/vc_column][\/vc_row]<\/p>\n","protected":false},"excerpt":{"rendered":"<p>[vc_row full_width=&#8220;stretch_row&#8220; css=&#8220;.vc_custom_1532253620037{padding-top: 60px !important;padding-bottom: 10px !important;background-color: rgba(204,44,36,0.2) !important;*background-color: rgb(204,44,36) !important;}&#8220;][vc_column &#8230; <\/p>\n","protected":false},"author":1,"featured_media":0,"parent":0,"menu_order":0,"comment_status":"closed","ping_status":"closed","template":"","meta":[],"_links":{"self":[{"href":"https:\/\/www.obchod-servis.cz\/index.php?rest_route=\/wp\/v2\/pages\/17"}],"collection":[{"href":"https:\/\/www.obchod-servis.cz\/index.php?rest_route=\/wp\/v2\/pages"}],"about":[{"href":"https:\/\/www.obchod-servis.cz\/index.php?rest_route=\/wp\/v2\/types\/page"}],"author":[{"embeddable":true,"href":"https:\/\/www.obchod-servis.cz\/index.php?rest_route=\/wp\/v2\/users\/1"}],"replies":[{"embeddable":true,"href":"https:\/\/www.obchod-servis.cz\/index.php?rest_route=%2Fwp%2Fv2%2Fcomments&post=17"}],"version-history":[{"count":9,"href":"https:\/\/www.obchod-servis.cz\/index.php?rest_route=\/wp\/v2\/pages\/17\/revisions"}],"predecessor-version":[{"id":1957,"href":"https:\/\/www.obchod-servis.cz\/index.php?rest_route=\/wp\/v2\/pages\/17\/revisions\/1957"}],"wp:attachment":[{"href":"https:\/\/www.obchod-servis.cz\/index.php?rest_route=%2Fwp%2Fv2%2Fmedia&parent=17"}],"curies":[{"name":"wp","href":"https:\/\/api.w.org\/{rel}","templated":true}]}}