{"id":1822,"date":"2020-12-22T23:48:17","date_gmt":"2020-12-22T22:48:17","guid":{"rendered":"http:\/\/www.obchod-servis.cz\/?page_id=1822"},"modified":"2020-12-22T23:49:21","modified_gmt":"2020-12-22T22:49:21","slug":"reference","status":"publish","type":"page","link":"https:\/\/www.obchod-servis.cz\/?page_id=1822","title":{"rendered":"Reference"},"content":{"rendered":"<style type=\"text\/css\">.foogallery-album-gallery-list .foogallery-pile h3 { background: #fff !important; }.foogallery-album-gallery-list .foogallery-pile h3 { color: #000000 !important; }<\/style><div id=\"foogallery-album-1820\">\r\n\t<ul class=\"foogallery-album-gallery-list alignment-center\">\r\n\t\t\t\t\t\t<li>\r\n\t\t\t\t\t<div class=\"foogallery-pile\">\r\n\t\t\t\t\t\t<div class=\"foogallery-pile-inner\">\r\n\t\t\t\t\t\t\t<a href=\"\/index.php?rest_route=%2Fwp%2Fv2%2Fpages%2F1822&#038;gallery=parkoviste-lisov-obnova-vodovodu-a-kanalizace\" target=\"_self\">\r\n\t\t\t\t\t\t\t\t<img  src=\"data:image\/svg+xml,%3Csvg%20xmlns%3D&#39;http%3A%2F%2Fwww.w3.org%2F2000%2Fsvg&#39;%20width=&#39;300&#39;%20height=&#39;200&#39;%20viewBox%3D&#39;0%200%20300%20200&#39;%2F%3E\" data-czlz data-src=\"https:\/\/www.obchod-servis.cz\/wp-content\/uploads\/cache\/2022\/11\/20221111_084701-scaled\/3206375986.jpg\" width=\"300\" height=\"200\" class=\"skip-lazy\" \/>\t\t\t\t\t\t\t\t\t\t\t\t\t\t\t\t<h3>Parkovi\u0161t\u011b Li\u0161ov - Obnova vodovodu a kanalizace\t\t\t\t\t\t\t\t\t<span>14 images<\/span>\r\n\t\t\t\t\t\t\t\t<\/h3>\r\n\t\t\t\t\t\t\t<\/a>\r\n\t\t\t\t\t\t<\/div>\r\n\t\t\t\t\t<\/div>\r\n\t\t\t\t<\/li>\r\n\t\t\t\t\t\t\t\t\t<li>\r\n\t\t\t\t\t<div class=\"foogallery-pile\">\r\n\t\t\t\t\t\t<div class=\"foogallery-pile-inner\">\r\n\t\t\t\t\t\t\t<a href=\"\/index.php?rest_route=%2Fwp%2Fv2%2Fpages%2F1822&#038;gallery=suche-vrbne-parkoviste-pro-bytovy-dum\" target=\"_self\">\r\n\t\t\t\t\t\t\t\t<img  src=\"data:image\/svg+xml,%3Csvg%20xmlns%3D&#39;http%3A%2F%2Fwww.w3.org%2F2000%2Fsvg&#39;%20width=&#39;300&#39;%20height=&#39;200&#39;%20viewBox%3D&#39;0%200%20300%20200&#39;%2F%3E\" data-czlz data-src=\"https:\/\/www.obchod-servis.cz\/wp-content\/uploads\/cache\/2022\/11\/20211213_153848\/3524245311.jpg\" width=\"300\" height=\"200\" class=\"skip-lazy\" \/>\t\t\t\t\t\t\t\t\t\t\t\t\t\t\t\t<h3>Such\u00e9 Vrbn\u00e9 - parkovi\u0161t\u011b pro bytov\u00fd d\u016fm\t\t\t\t\t\t\t\t\t<span>7 images<\/span>\r\n\t\t\t\t\t\t\t\t<\/h3>\r\n\t\t\t\t\t\t\t<\/a>\r\n\t\t\t\t\t\t<\/div>\r\n\t\t\t\t\t<\/div>\r\n\t\t\t\t<\/li>\r\n\t\t\t\t\t\t\t\t\t<li>\r\n\t\t\t\t\t<div class=\"foogallery-pile\">\r\n\t\t\t\t\t\t<div class=\"foogallery-pile-inner\">\r\n\t\t\t\t\t\t\t<a href=\"\/index.php?rest_route=%2Fwp%2Fv2%2Fpages%2F1822&#038;gallery=nova-ves-chodnik\" target=\"_self\">\r\n\t\t\t\t\t\t\t\t<img  src=\"data:image\/svg+xml,%3Csvg%20xmlns%3D&#39;http%3A%2F%2Fwww.w3.org%2F2000%2Fsvg&#39;%20width=&#39;300&#39;%20height=&#39;200&#39;%20viewBox%3D&#39;0%200%20300%20200&#39;%2F%3E\" data-czlz data-src=\"https:\/\/www.obchod-servis.cz\/wp-content\/uploads\/cache\/2020\/12\/IMG_20190905_104837001\/4189989845.jpg\" width=\"300\" height=\"200\" class=\"skip-lazy\" \/>\t\t\t\t\t\t\t\t\t\t\t\t\t\t\t\t<h3>Nov\u00e1 Ves chodn\u00edk\t\t\t\t\t\t\t\t\t<span>22 images<\/span>\r\n\t\t\t\t\t\t\t\t<\/h3>\r\n\t\t\t\t\t\t\t<\/a>\r\n\t\t\t\t\t\t<\/div>\r\n\t\t\t\t\t<\/div>\r\n\t\t\t\t<\/li>\r\n\t\t\t\t\t\t\t\t\t<li>\r\n\t\t\t\t\t<div class=\"foogallery-pile\">\r\n\t\t\t\t\t\t<div class=\"foogallery-pile-inner\">\r\n\t\t\t\t\t\t\t<a href=\"\/index.php?rest_route=%2Fwp%2Fv2%2Fpages%2F1822&#038;gallery=lisov-miletinska-kanalizace\" target=\"_self\">\r\n\t\t\t\t\t\t\t\t<img  src=\"data:image\/svg+xml,%3Csvg%20xmlns%3D&#39;http%3A%2F%2Fwww.w3.org%2F2000%2Fsvg&#39;%20width=&#39;300&#39;%20height=&#39;200&#39;%20viewBox%3D&#39;0%200%20300%20200&#39;%2F%3E\" data-czlz data-src=\"https:\/\/www.obchod-servis.cz\/wp-content\/uploads\/cache\/2022\/11\/20211001_143415-scaled\/875066314.jpg\" width=\"300\" height=\"200\" class=\"skip-lazy\" \/>\t\t\t\t\t\t\t\t\t\t\t\t\t\t\t\t<h3>Li\u0161ov Milet\u00ednsk\u00e1 - kanalizace\t\t\t\t\t\t\t\t\t<span>10 images<\/span>\r\n\t\t\t\t\t\t\t\t<\/h3>\r\n\t\t\t\t\t\t\t<\/a>\r\n\t\t\t\t\t\t<\/div>\r\n\t\t\t\t\t<\/div>\r\n\t\t\t\t<\/li>\r\n\t\t\t\t\t\t\t\t\t<li>\r\n\t\t\t\t\t<div class=\"foogallery-pile\">\r\n\t\t\t\t\t\t<div class=\"foogallery-pile-inner\">\r\n\t\t\t\t\t\t\t<a href=\"\/index.php?rest_route=%2Fwp%2Fv2%2Fpages%2F1822&#038;gallery=ucelova-komunikace-adamov\" target=\"_self\">\r\n\t\t\t\t\t\t\t\t<img  src=\"data:image\/svg+xml,%3Csvg%20xmlns%3D&#39;http%3A%2F%2Fwww.w3.org%2F2000%2Fsvg&#39;%20width=&#39;300&#39;%20height=&#39;200&#39;%20viewBox%3D&#39;0%200%20300%20200&#39;%2F%3E\" data-czlz data-src=\"https:\/\/www.obchod-servis.cz\/wp-content\/uploads\/cache\/2020\/12\/IMG_20201001_125623001\/1880724388.jpg\" width=\"300\" height=\"200\" class=\"skip-lazy\" \/>\t\t\t\t\t\t\t\t\t\t\t\t\t\t\t\t<h3>\u00da\u010delov\u00e1 komunikace Adamov\t\t\t\t\t\t\t\t\t<span>21 images<\/span>\r\n\t\t\t\t\t\t\t\t<\/h3>\r\n\t\t\t\t\t\t\t<\/a>\r\n\t\t\t\t\t\t<\/div>\r\n\t\t\t\t\t<\/div>\r\n\t\t\t\t<\/li>\r\n\t\t\t\t\t\t\t\t\t<li>\r\n\t\t\t\t\t<div class=\"foogallery-pile\">\r\n\t\t\t\t\t\t<div class=\"foogallery-pile-inner\">\r\n\t\t\t\t\t\t\t<a href=\"\/index.php?rest_route=%2Fwp%2Fv2%2Fpages%2F1822&#038;gallery=ledenice-ohrazenicko-chodnik-s-vo-a-kanalizaci\" target=\"_self\">\r\n\t\t\t\t\t\t\t\t<img  src=\"data:image\/svg+xml,%3Csvg%20xmlns%3D&#39;http%3A%2F%2Fwww.w3.org%2F2000%2Fsvg&#39;%20width=&#39;300&#39;%20height=&#39;200&#39;%20viewBox%3D&#39;0%200%20300%20200&#39;%2F%3E\" data-czlz data-src=\"https:\/\/www.obchod-servis.cz\/wp-content\/uploads\/cache\/2022\/11\/20220628_091529-scaled\/4209729437.jpg\" width=\"300\" height=\"200\" class=\"skip-lazy\" \/>\t\t\t\t\t\t\t\t\t\t\t\t\t\t\t\t<h3>Ledenice Ohrazen\u00ed\u010dko - Chodn\u00edk s VO a kanalizac\u00ed\t\t\t\t\t\t\t\t\t<span>19 images<\/span>\r\n\t\t\t\t\t\t\t\t<\/h3>\r\n\t\t\t\t\t\t\t<\/a>\r\n\t\t\t\t\t\t<\/div>\r\n\t\t\t\t\t<\/div>\r\n\t\t\t\t<\/li>\r\n\t\t\t\t\t\t\t\t\t<li>\r\n\t\t\t\t\t<div class=\"foogallery-pile\">\r\n\t\t\t\t\t\t<div class=\"foogallery-pile-inner\">\r\n\t\t\t\t\t\t\t<a href=\"\/index.php?rest_route=%2Fwp%2Fv2%2Fpages%2F1822&#038;gallery=srubec-detske-hriste\" target=\"_self\">\r\n\t\t\t\t\t\t\t\t<img  src=\"data:image\/svg+xml,%3Csvg%20xmlns%3D&#39;http%3A%2F%2Fwww.w3.org%2F2000%2Fsvg&#39;%20width=&#39;300&#39;%20height=&#39;200&#39;%20viewBox%3D&#39;0%200%20300%20200&#39;%2F%3E\" data-czlz data-src=\"https:\/\/www.obchod-servis.cz\/wp-content\/uploads\/cache\/2022\/11\/20210817_082556\/2300819889.jpg\" width=\"300\" height=\"200\" class=\"skip-lazy\" \/>\t\t\t\t\t\t\t\t\t\t\t\t\t\t\t\t<h3>Srubec - d\u011btsk\u00e9 h\u0159i\u0161t\u011b\t\t\t\t\t\t\t\t\t<span>7 images<\/span>\r\n\t\t\t\t\t\t\t\t<\/h3>\r\n\t\t\t\t\t\t\t<\/a>\r\n\t\t\t\t\t\t<\/div>\r\n\t\t\t\t\t<\/div>\r\n\t\t\t\t<\/li>\r\n\t\t\t\t\t\t\t\t\t<li>\r\n\t\t\t\t\t<div class=\"foogallery-pile\">\r\n\t\t\t\t\t\t<div class=\"foogallery-pile-inner\">\r\n\t\t\t\t\t\t\t<a href=\"\/index.php?rest_route=%2Fwp%2Fv2%2Fpages%2F1822&#038;gallery=srubec-chodnik-u-lesa\" target=\"_self\">\r\n\t\t\t\t\t\t\t\t<img  src=\"data:image\/svg+xml,%3Csvg%20xmlns%3D&#39;http%3A%2F%2Fwww.w3.org%2F2000%2Fsvg&#39;%20width=&#39;300&#39;%20height=&#39;200&#39;%20viewBox%3D&#39;0%200%20300%20200&#39;%2F%3E\" data-czlz data-src=\"https:\/\/www.obchod-servis.cz\/wp-content\/uploads\/cache\/2022\/11\/20210629_114328\/1165323344.jpg\" width=\"300\" height=\"200\" class=\"skip-lazy\" \/>\t\t\t\t\t\t\t\t\t\t\t\t\t\t\t\t<h3>Srubec - chodn\u00edk u lesa\t\t\t\t\t\t\t\t\t<span>8 images<\/span>\r\n\t\t\t\t\t\t\t\t<\/h3>\r\n\t\t\t\t\t\t\t<\/a>\r\n\t\t\t\t\t\t<\/div>\r\n\t\t\t\t\t<\/div>\r\n\t\t\t\t<\/li>\r\n\t\t\t\t\t\t\t\t\t<li>\r\n\t\t\t\t\t<div class=\"foogallery-pile\">\r\n\t\t\t\t\t\t<div class=\"foogallery-pile-inner\">\r\n\t\t\t\t\t\t\t<a href=\"\/index.php?rest_route=%2Fwp%2Fv2%2Fpages%2F1822&#038;gallery=chodniky-bazen-parkoviste-prijezdova-cesta-a-terenni-upravy-nova-ves\" target=\"_self\">\r\n\t\t\t\t\t\t\t\t<img  src=\"data:image\/svg+xml,%3Csvg%20xmlns%3D&#39;http%3A%2F%2Fwww.w3.org%2F2000%2Fsvg&#39;%20width=&#39;300&#39;%20height=&#39;200&#39;%20viewBox%3D&#39;0%200%20300%20200&#39;%2F%3E\" data-czlz data-src=\"https:\/\/www.obchod-servis.cz\/wp-content\/uploads\/cache\/2020\/12\/IMG_20200701_093426203\/2270655281.jpg\" width=\"300\" height=\"200\" class=\"skip-lazy\" \/>\t\t\t\t\t\t\t\t\t\t\t\t\t\t\t\t<h3>Chodn\u00edky, baz\u00e9n, parkovi\u0161t\u011b, p\u0159\u00edjezdov\u00e1 cesta a ter\u00e9nn\u00ed \u00fapravy Nov\u00e1 Ves\t\t\t\t\t\t\t\t\t<span>59 images<\/span>\r\n\t\t\t\t\t\t\t\t<\/h3>\r\n\t\t\t\t\t\t\t<\/a>\r\n\t\t\t\t\t\t<\/div>\r\n\t\t\t\t\t<\/div>\r\n\t\t\t\t<\/li>\r\n\t\t\t\t\t\t\t\t\t<li>\r\n\t\t\t\t\t<div class=\"foogallery-pile\">\r\n\t\t\t\t\t\t<div class=\"foogallery-pile-inner\">\r\n\t\t\t\t\t\t\t<a href=\"\/index.php?rest_route=%2Fwp%2Fv2%2Fpages%2F1822&#038;gallery=operne-zdi-a-dlazba-srubec\" target=\"_self\">\r\n\t\t\t\t\t\t\t\t<img  src=\"data:image\/svg+xml,%3Csvg%20xmlns%3D&#39;http%3A%2F%2Fwww.w3.org%2F2000%2Fsvg&#39;%20width=&#39;300&#39;%20height=&#39;200&#39;%20viewBox%3D&#39;0%200%20300%20200&#39;%2F%3E\" data-czlz data-src=\"https:\/\/www.obchod-servis.cz\/wp-content\/uploads\/cache\/2020\/12\/IMG_20200818_085617315\/1795710359.jpg\" width=\"300\" height=\"200\" class=\"skip-lazy\" \/>\t\t\t\t\t\t\t\t\t\t\t\t\t\t\t\t<h3>Op\u011brn\u00e9 zdi a dla\u017eba Srubec\t\t\t\t\t\t\t\t\t<span>46 images<\/span>\r\n\t\t\t\t\t\t\t\t<\/h3>\r\n\t\t\t\t\t\t\t<\/a>\r\n\t\t\t\t\t\t<\/div>\r\n\t\t\t\t\t<\/div>\r\n\t\t\t\t<\/li>\r\n\t\t\t\t\t\t\t\t\t<li>\r\n\t\t\t\t\t<div class=\"foogallery-pile\">\r\n\t\t\t\t\t\t<div class=\"foogallery-pile-inner\">\r\n\t\t\t\t\t\t\t<a href=\"\/index.php?rest_route=%2Fwp%2Fv2%2Fpages%2F1822&#038;gallery=rekonstrukce-prahovych-vpusti-adamov\" target=\"_self\">\r\n\t\t\t\t\t\t\t\t<img  src=\"data:image\/svg+xml,%3Csvg%20xmlns%3D&#39;http%3A%2F%2Fwww.w3.org%2F2000%2Fsvg&#39;%20width=&#39;300&#39;%20height=&#39;200&#39;%20viewBox%3D&#39;0%200%20300%20200&#39;%2F%3E\" data-czlz data-src=\"https:\/\/www.obchod-servis.cz\/wp-content\/uploads\/cache\/2020\/12\/IMG_20201130_100631266\/994818372.jpg\" width=\"300\" height=\"200\" class=\"skip-lazy\" \/>\t\t\t\t\t\t\t\t\t\t\t\t\t\t\t\t<h3>Rekonstrukce prahov\u00fdch vpust\u00ed Adamov\t\t\t\t\t\t\t\t\t<span>10 images<\/span>\r\n\t\t\t\t\t\t\t\t<\/h3>\r\n\t\t\t\t\t\t\t<\/a>\r\n\t\t\t\t\t\t<\/div>\r\n\t\t\t\t\t<\/div>\r\n\t\t\t\t<\/li>\r\n\t\t\t\t\t\t\t\t\t<li>\r\n\t\t\t\t\t<div class=\"foogallery-pile\">\r\n\t\t\t\t\t\t<div class=\"foogallery-pile-inner\">\r\n\t\t\t\t\t\t\t<a href=\"\/index.php?rest_route=%2Fwp%2Fv2%2Fpages%2F1822&#038;gallery=dlazba-velesin\" target=\"_self\">\r\n\t\t\t\t\t\t\t\t<img  src=\"data:image\/svg+xml,%3Csvg%20xmlns%3D&#39;http%3A%2F%2Fwww.w3.org%2F2000%2Fsvg&#39;%20width=&#39;300&#39;%20height=&#39;200&#39;%20viewBox%3D&#39;0%200%20300%20200&#39;%2F%3E\" data-czlz data-src=\"https:\/\/www.obchod-servis.cz\/wp-content\/uploads\/cache\/2020\/12\/IMG_20191031_102114378\/1411292123.jpg\" width=\"300\" height=\"200\" class=\"skip-lazy\" \/>\t\t\t\t\t\t\t\t\t\t\t\t\t\t\t\t<h3>Dla\u017eba Vele\u0161\u00edn\t\t\t\t\t\t\t\t\t<span>31 images<\/span>\r\n\t\t\t\t\t\t\t\t<\/h3>\r\n\t\t\t\t\t\t\t<\/a>\r\n\t\t\t\t\t\t<\/div>\r\n\t\t\t\t\t<\/div>\r\n\t\t\t\t<\/li>\r\n\t\t\t\t\t\t\t\t\t<li>\r\n\t\t\t\t\t<div class=\"foogallery-pile\">\r\n\t\t\t\t\t\t<div class=\"foogallery-pile-inner\">\r\n\t\t\t\t\t\t\t<a href=\"\/index.php?rest_route=%2Fwp%2Fv2%2Fpages%2F1822&#038;gallery=zpevnena-plocha-vlkovice\" target=\"_self\">\r\n\t\t\t\t\t\t\t\t<img  src=\"data:image\/svg+xml,%3Csvg%20xmlns%3D&#39;http%3A%2F%2Fwww.w3.org%2F2000%2Fsvg&#39;%20width=&#39;300&#39;%20height=&#39;200&#39;%20viewBox%3D&#39;0%200%20300%20200&#39;%2F%3E\" data-czlz data-src=\"https:\/\/www.obchod-servis.cz\/wp-content\/uploads\/cache\/2020\/12\/IMG_20201013_081748409\/555592026.jpg\" width=\"300\" height=\"200\" class=\"skip-lazy\" \/>\t\t\t\t\t\t\t\t\t\t\t\t\t\t\t\t<h3>Zpevn\u011bn\u00e1 plocha Vlkovice\t\t\t\t\t\t\t\t\t<span>10 images<\/span>\r\n\t\t\t\t\t\t\t\t<\/h3>\r\n\t\t\t\t\t\t\t<\/a>\r\n\t\t\t\t\t\t<\/div>\r\n\t\t\t\t\t<\/div>\r\n\t\t\t\t<\/li>\r\n\t\t\t\t\t\t\t\t\t<li>\r\n\t\t\t\t\t<div class=\"foogallery-pile\">\r\n\t\t\t\t\t\t<div class=\"foogallery-pile-inner\">\r\n\t\t\t\t\t\t\t<a href=\"\/index.php?rest_route=%2Fwp%2Fv2%2Fpages%2F1822&#038;gallery=prodlouzeni-kanalizacniho-radu-a-kanalizacni-pripojka-nova-ves\" target=\"_self\">\r\n\t\t\t\t\t\t\t\t<img  src=\"data:image\/svg+xml,%3Csvg%20xmlns%3D&#39;http%3A%2F%2Fwww.w3.org%2F2000%2Fsvg&#39;%20width=&#39;300&#39;%20height=&#39;200&#39;%20viewBox%3D&#39;0%200%20300%20200&#39;%2F%3E\" data-czlz data-src=\"https:\/\/www.obchod-servis.cz\/wp-content\/uploads\/cache\/2020\/12\/IMG_20201104_093351286\/1989042510.jpg\" width=\"300\" height=\"200\" class=\"skip-lazy\" \/>\t\t\t\t\t\t\t\t\t\t\t\t\t\t\t\t<h3>Prodlou\u017een\u00ed kanaliza\u010dn\u00edho \u0159\u00e1du a kanaliza\u010dn\u00ed p\u0159\u00edpojka Nov\u00e1 Ves\t\t\t\t\t\t\t\t\t<span>29 images<\/span>\r\n\t\t\t\t\t\t\t\t<\/h3>\r\n\t\t\t\t\t\t\t<\/a>\r\n\t\t\t\t\t\t<\/div>\r\n\t\t\t\t\t<\/div>\r\n\t\t\t\t<\/li>\r\n\t\t\t\t\t\t\t\t\t<li>\r\n\t\t\t\t\t<div class=\"foogallery-pile\">\r\n\t\t\t\t\t\t<div class=\"foogallery-pile-inner\">\r\n\t\t\t\t\t\t\t<a href=\"\/index.php?rest_route=%2Fwp%2Fv2%2Fpages%2F1822&#038;gallery=dlazba-srubec\" target=\"_self\">\r\n\t\t\t\t\t\t\t\t<img  src=\"data:image\/svg+xml,%3Csvg%20xmlns%3D&#39;http%3A%2F%2Fwww.w3.org%2F2000%2Fsvg&#39;%20width=&#39;300&#39;%20height=&#39;200&#39;%20viewBox%3D&#39;0%200%20300%20200&#39;%2F%3E\" data-czlz data-src=\"https:\/\/www.obchod-servis.cz\/wp-content\/uploads\/cache\/2020\/12\/IMG_20201020_122753361\/2856810228.jpg\" width=\"300\" height=\"200\" class=\"skip-lazy\" \/>\t\t\t\t\t\t\t\t\t\t\t\t\t\t\t\t<h3>Dla\u017eba Srubec\t\t\t\t\t\t\t\t\t<span>17 images<\/span>\r\n\t\t\t\t\t\t\t\t<\/h3>\r\n\t\t\t\t\t\t\t<\/a>\r\n\t\t\t\t\t\t<\/div>\r\n\t\t\t\t\t<\/div>\r\n\t\t\t\t<\/li>\r\n\t\t\t\t\t\t\t\t\t<li>\r\n\t\t\t\t\t<div class=\"foogallery-pile\">\r\n\t\t\t\t\t\t<div class=\"foogallery-pile-inner\">\r\n\t\t\t\t\t\t\t<a href=\"\/index.php?rest_route=%2Fwp%2Fv2%2Fpages%2F1822&#038;gallery=dlazba-dvur-nova-ves\" target=\"_self\">\r\n\t\t\t\t\t\t\t\t<img  src=\"data:image\/svg+xml,%3Csvg%20xmlns%3D&#39;http%3A%2F%2Fwww.w3.org%2F2000%2Fsvg&#39;%20width=&#39;300&#39;%20height=&#39;200&#39;%20viewBox%3D&#39;0%200%20300%20200&#39;%2F%3E\" data-czlz data-src=\"https:\/\/www.obchod-servis.cz\/wp-content\/uploads\/cache\/2020\/12\/IMG_20200511_105100_1024\/122654117.jpg\" width=\"300\" height=\"200\" class=\"skip-lazy\" \/>\t\t\t\t\t\t\t\t\t\t\t\t\t\t\t\t<h3>Dla\u017eba dv\u016fr Nov\u00e1 Ves\t\t\t\t\t\t\t\t\t<span>29 images<\/span>\r\n\t\t\t\t\t\t\t\t<\/h3>\r\n\t\t\t\t\t\t\t<\/a>\r\n\t\t\t\t\t\t<\/div>\r\n\t\t\t\t\t<\/div>\r\n\t\t\t\t<\/li>\r\n\t\t\t\t\t\t\t\t\t<li>\r\n\t\t\t\t\t<div class=\"foogallery-pile\">\r\n\t\t\t\t\t\t<div class=\"foogallery-pile-inner\">\r\n\t\t\t\t\t\t\t<a href=\"\/index.php?rest_route=%2Fwp%2Fv2%2Fpages%2F1822&#038;gallery=misto-pro-prechazeni-srubec\" target=\"_self\">\r\n\t\t\t\t\t\t\t\t<img  src=\"data:image\/svg+xml,%3Csvg%20xmlns%3D&#39;http%3A%2F%2Fwww.w3.org%2F2000%2Fsvg&#39;%20width=&#39;300&#39;%20height=&#39;200&#39;%20viewBox%3D&#39;0%200%20300%20200&#39;%2F%3E\" data-czlz data-src=\"https:\/\/www.obchod-servis.cz\/wp-content\/uploads\/cache\/2020\/12\/IMG_20200929_123315276\/345922974.jpg\" width=\"300\" height=\"200\" class=\"skip-lazy\" \/>\t\t\t\t\t\t\t\t\t\t\t\t\t\t\t\t<h3>M\u00edsto pro p\u0159ech\u00e1zen\u00ed Srubec\t\t\t\t\t\t\t\t\t<span>10 images<\/span>\r\n\t\t\t\t\t\t\t\t<\/h3>\r\n\t\t\t\t\t\t\t<\/a>\r\n\t\t\t\t\t\t<\/div>\r\n\t\t\t\t\t<\/div>\r\n\t\t\t\t<\/li>\r\n\t\t\t\t\t\t\t\t\t<li>\r\n\t\t\t\t\t<div class=\"foogallery-pile\">\r\n\t\t\t\t\t\t<div class=\"foogallery-pile-inner\">\r\n\t\t\t\t\t\t\t<a href=\"\/index.php?rest_route=%2Fwp%2Fv2%2Fpages%2F1822&#038;gallery=prodlouzeni-plynoveho-radu-plynova-pripojka-nedabyle\" target=\"_self\">\r\n\t\t\t\t\t\t\t\t<img  src=\"data:image\/svg+xml,%3Csvg%20xmlns%3D&#39;http%3A%2F%2Fwww.w3.org%2F2000%2Fsvg&#39;%20width=&#39;300&#39;%20height=&#39;200&#39;%20viewBox%3D&#39;0%200%20300%20200&#39;%2F%3E\" data-czlz data-src=\"https:\/\/www.obchod-servis.cz\/wp-content\/uploads\/cache\/2020\/12\/IMG_20200831_084442262\/1191181389.jpg\" width=\"300\" height=\"200\" class=\"skip-lazy\" \/>\t\t\t\t\t\t\t\t\t\t\t\t\t\t\t\t<h3>Prodlou\u017een\u00ed plynov\u00e9ho \u0159\u00e1du + plynov\u00e1 p\u0159\u00edpojka Nedabyle\t\t\t\t\t\t\t\t\t<span>4 images<\/span>\r\n\t\t\t\t\t\t\t\t<\/h3>\r\n\t\t\t\t\t\t\t<\/a>\r\n\t\t\t\t\t\t<\/div>\r\n\t\t\t\t\t<\/div>\r\n\t\t\t\t<\/li>\r\n\t\t\t\t\t\t\t\t\t<li>\r\n\t\t\t\t\t<div class=\"foogallery-pile\">\r\n\t\t\t\t\t\t<div class=\"foogallery-pile-inner\">\r\n\t\t\t\t\t\t\t<a href=\"\/index.php?rest_route=%2Fwp%2Fv2%2Fpages%2F1822&#038;gallery=dlazba-ledenice\" target=\"_self\">\r\n\t\t\t\t\t\t\t\t<img  src=\"data:image\/svg+xml,%3Csvg%20xmlns%3D&#39;http%3A%2F%2Fwww.w3.org%2F2000%2Fsvg&#39;%20width=&#39;300&#39;%20height=&#39;200&#39;%20viewBox%3D&#39;0%200%20300%20200&#39;%2F%3E\" data-czlz data-src=\"https:\/\/www.obchod-servis.cz\/wp-content\/uploads\/cache\/2020\/12\/IMG_20200623_154847171\/3383100099.jpg\" width=\"300\" height=\"200\" class=\"skip-lazy\" \/>\t\t\t\t\t\t\t\t\t\t\t\t\t\t\t\t<h3>Dla\u017eba Ledenice\t\t\t\t\t\t\t\t\t<span>12 images<\/span>\r\n\t\t\t\t\t\t\t\t<\/h3>\r\n\t\t\t\t\t\t\t<\/a>\r\n\t\t\t\t\t\t<\/div>\r\n\t\t\t\t\t<\/div>\r\n\t\t\t\t<\/li>\r\n\t\t\t\t\t\t\t\t\t<li>\r\n\t\t\t\t\t<div class=\"foogallery-pile\">\r\n\t\t\t\t\t\t<div class=\"foogallery-pile-inner\">\r\n\t\t\t\t\t\t\t<a href=\"\/index.php?rest_route=%2Fwp%2Fv2%2Fpages%2F1822&#038;gallery=wellness-hurka\" target=\"_self\">\r\n\t\t\t\t\t\t\t\t<img  src=\"data:image\/svg+xml,%3Csvg%20xmlns%3D&#39;http%3A%2F%2Fwww.w3.org%2F2000%2Fsvg&#39;%20width=&#39;300&#39;%20height=&#39;200&#39;%20viewBox%3D&#39;0%200%20300%20200&#39;%2F%3E\" data-czlz data-src=\"https:\/\/www.obchod-servis.cz\/wp-content\/uploads\/cache\/2020\/12\/20190509_104745136\/3970368115.jpg\" width=\"300\" height=\"200\" class=\"skip-lazy\" \/>\t\t\t\t\t\t\t\t\t\t\t\t\t\t\t\t<h3>Wellness H\u016frka\t\t\t\t\t\t\t\t\t<span>23 images<\/span>\r\n\t\t\t\t\t\t\t\t<\/h3>\r\n\t\t\t\t\t\t\t<\/a>\r\n\t\t\t\t\t\t<\/div>\r\n\t\t\t\t\t<\/div>\r\n\t\t\t\t<\/li>\r\n\t\t\t\t\t\t\t\t\t<li>\r\n\t\t\t\t\t<div class=\"foogallery-pile\">\r\n\t\t\t\t\t\t<div class=\"foogallery-pile-inner\">\r\n\t\t\t\t\t\t\t<a href=\"\/index.php?rest_route=%2Fwp%2Fv2%2Fpages%2F1822&#038;gallery=kanalizacni-a-vodovodni-pripojka\" target=\"_self\">\r\n\t\t\t\t\t\t\t\t<img  src=\"data:image\/svg+xml,%3Csvg%20xmlns%3D&#39;http%3A%2F%2Fwww.w3.org%2F2000%2Fsvg&#39;%20width=&#39;300&#39;%20height=&#39;200&#39;%20viewBox%3D&#39;0%200%20300%20200&#39;%2F%3E\" data-czlz data-src=\"https:\/\/www.obchod-servis.cz\/wp-content\/uploads\/cache\/2020\/12\/1159\/4247689351.jpg\" width=\"300\" height=\"200\" class=\"skip-lazy\" \/>\t\t\t\t\t\t\t\t\t\t\t\t\t\t\t\t<h3>Kanaliza\u010dn\u00ed a vodovodn\u00ed p\u0159\u00edpojka\t\t\t\t\t\t\t\t\t<span>12 images<\/span>\r\n\t\t\t\t\t\t\t\t<\/h3>\r\n\t\t\t\t\t\t\t<\/a>\r\n\t\t\t\t\t\t<\/div>\r\n\t\t\t\t\t<\/div>\r\n\t\t\t\t<\/li>\r\n\t\t\t\t\t\t\t\t\t<li>\r\n\t\t\t\t\t<div class=\"foogallery-pile\">\r\n\t\t\t\t\t\t<div class=\"foogallery-pile-inner\">\r\n\t\t\t\t\t\t\t<a href=\"\/index.php?rest_route=%2Fwp%2Fv2%2Fpages%2F1822&#038;gallery=borovany-dlazba-a-gabionove-steny\" target=\"_self\">\r\n\t\t\t\t\t\t\t\t<img  src=\"data:image\/svg+xml,%3Csvg%20xmlns%3D&#39;http%3A%2F%2Fwww.w3.org%2F2000%2Fsvg&#39;%20width=&#39;300&#39;%20height=&#39;200&#39;%20viewBox%3D&#39;0%200%20300%20200&#39;%2F%3E\" data-czlz data-src=\"https:\/\/www.obchod-servis.cz\/wp-content\/uploads\/cache\/2022\/11\/20220214_080028\/1817948019.jpg\" width=\"300\" height=\"200\" class=\"skip-lazy\" \/>\t\t\t\t\t\t\t\t\t\t\t\t\t\t\t\t<h3>Borovany - dla\u017eba a gabionov\u00e9 st\u011bny\t\t\t\t\t\t\t\t\t<span>5 images<\/span>\r\n\t\t\t\t\t\t\t\t<\/h3>\r\n\t\t\t\t\t\t\t<\/a>\r\n\t\t\t\t\t\t<\/div>\r\n\t\t\t\t\t<\/div>\r\n\t\t\t\t<\/li>\r\n\t\t\t\t\t\t\t\t\t<li>\r\n\t\t\t\t\t<div class=\"foogallery-pile\">\r\n\t\t\t\t\t\t<div class=\"foogallery-pile-inner\">\r\n\t\t\t\t\t\t\t<a href=\"\/index.php?rest_route=%2Fwp%2Fv2%2Fpages%2F1822&#038;gallery=nova-ves-oploceni-cov\" target=\"_self\">\r\n\t\t\t\t\t\t\t\t<img  src=\"data:image\/svg+xml,%3Csvg%20xmlns%3D&#39;http%3A%2F%2Fwww.w3.org%2F2000%2Fsvg&#39;%20width=&#39;300&#39;%20height=&#39;200&#39;%20viewBox%3D&#39;0%200%20300%20200&#39;%2F%3E\" data-czlz data-src=\"https:\/\/www.obchod-servis.cz\/wp-content\/uploads\/cache\/2022\/11\/20220502_093300\/2596877076.jpg\" width=\"300\" height=\"200\" class=\"skip-lazy\" \/>\t\t\t\t\t\t\t\t\t\t\t\t\t\t\t\t<h3>Nov\u00e1 Ves - Oplocen\u00ed \u010cOV\t\t\t\t\t\t\t\t\t<span>6 images<\/span>\r\n\t\t\t\t\t\t\t\t<\/h3>\r\n\t\t\t\t\t\t\t<\/a>\r\n\t\t\t\t\t\t<\/div>\r\n\t\t\t\t\t<\/div>\r\n\t\t\t\t<\/li>\r\n\t\t\t\t\t\t\t\t\t<li>\r\n\t\t\t\t\t<div class=\"foogallery-pile\">\r\n\t\t\t\t\t\t<div class=\"foogallery-pile-inner\">\r\n\t\t\t\t\t\t\t<a href=\"\/index.php?rest_route=%2Fwp%2Fv2%2Fpages%2F1822&#038;gallery=suchomelska-dlazba-a-plot\" target=\"_self\">\r\n\t\t\t\t\t\t\t\t<img  src=\"data:image\/svg+xml,%3Csvg%20xmlns%3D&#39;http%3A%2F%2Fwww.w3.org%2F2000%2Fsvg&#39;%20width=&#39;300&#39;%20height=&#39;200&#39;%20viewBox%3D&#39;0%200%20300%20200&#39;%2F%3E\" data-czlz data-src=\"https:\/\/www.obchod-servis.cz\/wp-content\/uploads\/cache\/2022\/11\/20220114_124209\/997467063.jpg\" width=\"300\" height=\"200\" class=\"skip-lazy\" \/>\t\t\t\t\t\t\t\t\t\t\t\t\t\t\t\t<h3>Suchomelsk\u00e1 - dla\u017eba a plot\t\t\t\t\t\t\t\t\t<span>7 images<\/span>\r\n\t\t\t\t\t\t\t\t<\/h3>\r\n\t\t\t\t\t\t\t<\/a>\r\n\t\t\t\t\t\t<\/div>\r\n\t\t\t\t\t<\/div>\r\n\t\t\t\t<\/li>\r\n\t\t\t\t\t\t<\/ul>\r\n\t<div style=\"clear: both;\"><\/div>\r\n<\/div>\r\n\n","protected":false},"excerpt":{"rendered":".foogallery-album-gallery-list .foogallery-pile h3 { background: #fff !important; }.foogallery-album-gallery-list .foogallery-pile h3 { color: #000000 !important; } Parkovi\u0161t\u011b Li\u0161ov - Obnova vodovodu","protected":false},"author":1,"featured_media":0,"parent":0,"menu_order":0,"comment_status":"closed","ping_status":"closed","template":"","meta":[],"_links":{"self":[{"href":"https:\/\/www.obchod-servis.cz\/index.php?rest_route=\/wp\/v2\/pages\/1822"}],"collection":[{"href":"https:\/\/www.obchod-servis.cz\/index.php?rest_route=\/wp\/v2\/pages"}],"about":[{"href":"https:\/\/www.obchod-servis.cz\/index.php?rest_route=\/wp\/v2\/types\/page"}],"author":[{"embeddable":true,"href":"https:\/\/www.obchod-servis.cz\/index.php?rest_route=\/wp\/v2\/users\/1"}],"replies":[{"embeddable":true,"href":"https:\/\/www.obchod-servis.cz\/index.php?rest_route=%2Fwp%2Fv2%2Fcomments&post=1822"}],"version-history":[{"count":2,"href":"https:\/\/www.obchod-servis.cz\/index.php?rest_route=\/wp\/v2\/pages\/1822\/revisions"}],"predecessor-version":[{"id":1825,"href":"https:\/\/www.obchod-servis.cz\/index.php?rest_route=\/wp\/v2\/pages\/1822\/revisions\/1825"}],"wp:attachment":[{"href":"https:\/\/www.obchod-servis.cz\/index.php?rest_route=%2Fwp%2Fv2%2Fmedia&parent=1822"}],"curies":[{"name":"wp","href":"https:\/\/api.w.org\/{rel}","templated":true}]}}