{"id":20,"date":"2018-05-29T11:17:16","date_gmt":"2018-05-29T11:17:16","guid":{"rendered":"http:\/\/xtratheme.com\/default\/?page_id=20"},"modified":"2021-03-21T23:53:08","modified_gmt":"2021-03-21T22:53:08","slug":"blog","status":"publish","type":"page","link":"https:\/\/www.obchod-servis.cz\/?page_id=20","title":{"rendered":"Kari\u00e9ra"},"content":{"rendered":"<p>[vc_row][vc_column]<div id=\"cz_102549\" class=\"cz_102549 cz_title clr cz_title_pos_block tac\"><div class=\"cz_title_content\"><div class=\"cz_wpe_content\"><p style=\"text-align: center;\"><strong><span style=\"font-size: 26px;\">Aktu\u00e1ln\u00ed nab\u00eddka pr\u00e1ce<\/span><\/strong><\/p>\n<\/div><\/div><\/div>[vc_single_image image=&#8220;1831&#8243; img_size=&#8220;medium&#8220; alignment=&#8220;center&#8220; style=&#8220;vc_box_shadow&#8220;][vc_column_text]<\/p>\n<div class=\"kvgmc6g5 cxmmr5t8 oygrvhab hcukyx3x c1et5uql ii04i59q\">\n<div dir=\"auto\"><span style=\"font-size: 20px;\"><strong>Hled\u00e1me kolegu do na\u0161eho t\u00fdmu na pozici:<\/strong><\/span><\/div>\n<div dir=\"auto\"><\/div>\n<div dir=\"auto\"><strong>Stavebn\u00ed d\u011bln\u00edk (Zedn\u00edk)<\/strong><\/div>\n<\/div>\n<div class=\"o9v6fnle cxmmr5t8 oygrvhab hcukyx3x c1et5uql ii04i59q\">\n<div dir=\"auto\"><\/div>\n<div dir=\"auto\"><strong>M\u00edsto v\u00fdkonu pr\u00e1ce: <\/strong><\/div>\n<div dir=\"auto\">\u010cesk\u00e9 Bud\u011bjovice a okol\u00ed<\/div>\n<\/div>\n<div class=\"o9v6fnle cxmmr5t8 oygrvhab hcukyx3x c1et5uql ii04i59q\">\n<div dir=\"auto\"><\/div>\n<div dir=\"auto\"><strong>N\u00e1pl\u0148 pr\u00e1ce: <\/strong><\/div>\n<div dir=\"auto\">pr\u00e1ce na realizovan\u00fdch zak\u00e1zk\u00e1ch p\u0159i v\u00fdstavb\u011b, rekonstrukci a oprav\u00e1ch<\/div>\n<\/div>\n<div class=\"o9v6fnle cxmmr5t8 oygrvhab hcukyx3x c1et5uql ii04i59q\">\n<div dir=\"auto\"><\/div>\n<div dir=\"auto\"><strong>Po\u017eadujeme:<\/strong><\/div>\n<div dir=\"auto\">dobr\u00fd zdravotn\u00ed stav<\/div>\n<div dir=\"auto\">zku\u0161enosti z oboru pozemn\u00edch staveb<\/div>\n<div dir=\"auto\">\u0159idi\u010dsk\u00fd pr\u016fkaz sk. B<\/div>\n<\/div>\n<div class=\"o9v6fnle cxmmr5t8 oygrvhab hcukyx3x c1et5uql ii04i59q\">\n<div dir=\"auto\"><\/div>\n<div dir=\"auto\"><strong>Nab\u00edz\u00edme:<\/strong><\/div>\n<div dir=\"auto\">z\u00e1zem\u00ed mal\u00e9 firmy<\/div>\n<div dir=\"auto\">profesn\u00ed r\u016fst<\/div>\n<div dir=\"auto\">p\u0159\u00edjemn\u00e9 pracovn\u00ed prost\u0159ed\u00ed<\/div>\n<div dir=\"auto\">odpov\u011bdnou pr\u00e1ci s mo\u017enost\u00ed seberealizace<\/div>\n<div dir=\"auto\">dobr\u00e9 finan\u010dn\u00ed ohodnocen\u00ed<\/div>\n<div dir=\"auto\">zaj\u00edmav\u00e9 benefity<\/div>\n<div dir=\"auto\">N\u00e1stup dle dohody.<\/div>\n<\/div>\n<div class=\"o9v6fnle cxmmr5t8 oygrvhab hcukyx3x c1et5uql ii04i59q\">\n<div dir=\"auto\">Zaujala V\u00e1s na\u0161e nab\u00eddka? Za\u0161lete n\u00e1m Va\u0161e CV. Kontaktujte n\u00e1s. R\u00e1di V\u00e1m zodpov\u00edme Va\u0161e dotazy.<\/div>\n<\/div>\n<p>[\/vc_column_text][vc_row_inner][vc_column_inner][vc_single_image image=&#8220;1828&#8243; img_size=&#8220;medium&#8220; alignment=&#8220;center&#8220; style=&#8220;vc_box_shadow_3d&#8220;][\/vc_column_inner][\/vc_row_inner][\/vc_column][\/vc_row]<\/p>\n","protected":false},"excerpt":{"rendered":"<p>[vc_row][vc_column][vc_single_image image=&#8220;1831&#8243; img_size=&#8220;medium&#8220; alignment=&#8220;center&#8220; style=&#8220;vc_box_shadow&#8220;][vc_column_text] Hled\u00e1me kolegu do na\u0161eho t\u00fdmu na &#8230; <\/p>\n","protected":false},"author":1,"featured_media":0,"parent":0,"menu_order":0,"comment_status":"closed","ping_status":"closed","template":"","meta":[],"_links":{"self":[{"href":"https:\/\/www.obchod-servis.cz\/index.php?rest_route=\/wp\/v2\/pages\/20"}],"collection":[{"href":"https:\/\/www.obchod-servis.cz\/index.php?rest_route=\/wp\/v2\/pages"}],"about":[{"href":"https:\/\/www.obchod-servis.cz\/index.php?rest_route=\/wp\/v2\/types\/page"}],"author":[{"embeddable":true,"href":"https:\/\/www.obchod-servis.cz\/index.php?rest_route=\/wp\/v2\/users\/1"}],"replies":[{"embeddable":true,"href":"https:\/\/www.obchod-servis.cz\/index.php?rest_route=%2Fwp%2Fv2%2Fcomments&post=20"}],"version-history":[{"count":2,"href":"https:\/\/www.obchod-servis.cz\/index.php?rest_route=\/wp\/v2\/pages\/20\/revisions"}],"predecessor-version":[{"id":1832,"href":"https:\/\/www.obchod-servis.cz\/index.php?rest_route=\/wp\/v2\/pages\/20\/revisions\/1832"}],"wp:attachment":[{"href":"https:\/\/www.obchod-servis.cz\/index.php?rest_route=%2Fwp%2Fv2%2Fmedia&parent=20"}],"curies":[{"name":"wp","href":"https:\/\/api.w.org\/{rel}","templated":true}]}}