{"id":881,"date":"2018-05-29T11:11:20","date_gmt":"2018-05-29T11:11:20","guid":{"rendered":"http:\/\/xtratheme.com\/default\/?page_id=7"},"modified":"2023-01-26T20:21:54","modified_gmt":"2023-01-26T19:21:54","slug":"about-us","status":"publish","type":"page","link":"https:\/\/www.obchod-servis.cz\/?page_id=881","title":{"rendered":"O n\u00e1s"},"content":{"rendered":"<p>[vc_row][vc_column]<div id=\"cz_24076\" class=\"cz_24076 cz_image clr cz_image_no_fx center_on_mobile\"><div class=\"\" ><div class=\"cz_image_in\"><div class=\"cz_main_image\"><img width=\"800\" height=\"200\" src=\"data:image\/svg+xml,%3Csvg%20xmlns%3D&#39;http%3A%2F%2Fwww.w3.org%2F2000%2Fsvg&#39;%20width=&#39;800&#39;%20height=&#39;200&#39;%20viewBox%3D&#39;0%200%20800%20200&#39;%2F%3E\" data-czlz data-src=\"https:\/\/www.obchod-servis.cz\/wp-content\/uploads\/2019\/07\/onas200.jpg\" class=\"attachment-full\" alt=\"\" data-srcset=\"https:\/\/www.obchod-servis.cz\/wp-content\/uploads\/2019\/07\/onas200.jpg 800w, https:\/\/www.obchod-servis.cz\/wp-content\/uploads\/2019\/07\/onas200-300x75.jpg 300w, https:\/\/www.obchod-servis.cz\/wp-content\/uploads\/2019\/07\/onas200-768x192.jpg 768w, https:\/\/www.obchod-servis.cz\/wp-content\/uploads\/2019\/07\/onas200-80x20.jpg 80w, https:\/\/www.obchod-servis.cz\/wp-content\/uploads\/2019\/07\/onas200-600x150.jpg 600w\" data-sizes=\"(max-width: 800px) 100vw, 800px\" \/><\/div><\/div><\/div><\/div><div class=\"cz_gap clr \" style=\"height: 50px\"><\/div><div id=\"cz_107181\" class=\"cz_107181 cz_title clr cz_title_pos_inline tac\"><div class=\"cz_title_content\"><span class=\"cz_line_side_solo\">_<\/span><div class=\"cz_wpe_content\"><h3 style=\"text-align: center;\"><span style=\"font-size: 36px;\">O na\u0161\u00ed <span style=\"color: #cc2c24;\">firm\u011b<\/span><\/span><\/h3>\n<p style=\"text-align: center;\"><span style=\"font-size: 18px; color: #aaaaaa;\">N\u011bco m\u00e1lo o n\u00e1s<\/span><\/p>\n<\/div><span class=\"cz_line_side_solo cz_line_side_after\">_<\/span><\/div><\/div><div class=\"cz_gap clr \" style=\"height: 50px\"><\/div>[\/vc_column][\/vc_row][vc_row][vc_column][vc_row_inner][vc_column_inner width=&#8220;1\/2&#8243;]<div id=\"cz_109004\" class=\"cz_109004 cz_title clr cz_title_pos_inline\"><div class=\"cz_title_content\"><div class=\"cz_wpe_content\"><p>Jsme mal\u00e1 firma zab\u00fdvaj\u00edc\u00ed se v\u00fdstavbou a \u00fadr\u017ebou dopravn\u00ed infrastruktury. Pr\u00e1ce prov\u00e1d\u00edme nej\u010dast\u011bji v ji\u017en\u00edch \u010cech\u00e1ch a na\u0161imi klienty jsou p\u0159edev\u0161\u00edm obce a jin\u00e9 spole\u010dnosti.<\/p>\n<\/div><\/div><\/div>[\/vc_column_inner][vc_column_inner width=&#8220;1\/2&#8243;]<ul id=\"cz_87749\" class=\"cz_87749 cz_stylish_list clr cz_sl_icon_hover_zoom_in\"><li class=\"clr\"><div class=\"cz_sl_icon\"><i class=\"fa czico-074-tick-inside-circle mr10\"><\/i><\/div><div><span>13 let zku\u0161enost\u00ed ve stavebnictv\u00ed<\/span><\/div><\/li><li class=\"clr\"><div class=\"cz_sl_icon\"><i class=\"fa czico-074-tick-inside-circle mr10\"><\/i><\/div><div><span>Spolehliv\u00fd pracovn\u00ed t\u00fdm<\/span><\/div><\/li><li class=\"clr\"><div class=\"cz_sl_icon\"><i class=\"fa czico-074-tick-inside-circle mr10\"><\/i><\/div><div><span>Disponujeme modern\u00ed technikou<\/span><\/div><\/li><li class=\"clr\"><div class=\"cz_sl_icon\"><i class=\"fa czico-074-tick-inside-circle mr10\"><\/i><\/div><div><span>N\u00e1\u0161 c\u00edl: spokojen\u00fd klient kter\u00fd se k n\u00e1m vr\u00e1t\u00ed<\/span><\/div><\/li><li class=\"clr\"><div class=\"cz_sl_icon\"><i class=\"fa czico-074-tick-inside-circle mr10\"><\/i><\/div><div><span>Dok\u00e1\u017eeme pru\u017en\u011b reagovat na po\u017eadavky klient\u016f<\/span><\/div><\/li><li class=\"clr\"><div class=\"cz_sl_icon\"><i class=\"fa czico-074-tick-inside-circle mr10\"><\/i><\/div><div><span>Jedeme ka\u017ed\u00fd den za ka\u017ed\u00e9ho po\u010das\u00ed!<\/span><\/div><\/li><li class=\"clr\"><div class=\"cz_sl_icon\"><i class=\"fa czico-074-tick-inside-circle mr10\"><\/i><\/div><div><span>R\u00e1di se s v\u00e1mi pod\u011bl\u00edme o na\u0161e odborn\u00e9 zku\u0161enosti<\/span><\/div><\/li><li class=\"clr\"><div class=\"cz_sl_icon\"><i class=\"fa czico-074-tick-inside-circle mr10\"><\/i><\/div><div><span>Siln\u00e9 z\u00e1zem\u00ed pro na\u0161\u00ed techniku<\/span><\/div><\/li><\/ul><div id=\"cz_30826\" class=\"cz_30826 cz_title clr cz_title_pos_inline tac\"><div class=\"cz_title_content\"><div class=\"cz_wpe_content\"><h2 style=\"text-align: center;\"><strong>PRO\u010c S N\u00c1MI?<\/strong><\/h2>\n<\/div><\/div><\/div><div id=\"cz_102241\" class=\"cz_102241 cz_title clr cz_title_pos_inline\"><div class=\"cz_title_content\"><div class=\"cz_wpe_content\"><ul class=\"list\">\n<li>Vyu\u017e\u00edv\u00e1me modern\u00ed technologie, kter\u00e9 \u0161et\u0159\u00ed \u010das a Va\u0161e pen\u00edze<\/li>\n<li>\u00a0V\u0161echny zak\u00e1zky pln\u00edme v dohodnut\u00e9m term\u00ednu<\/li>\n<li>Na\u0161e technika je v\u00fdhradn\u011b v na\u0161em vlastnictv\u00ed, proto nab\u00edz\u00edme ty nejlep\u0161\u00ed ceny<\/li>\n<li>Pro\u0161kolen\u00e1 a v na\u0161ich oborech zku\u0161en\u00e1 obsluha<\/li>\n<li>Ka\u017edou zak\u00e1zku pln\u00edme s profesion\u00e1ln\u00edm p\u0159\u00edstupem, rychle a kvalitn\u011b<\/li>\n<\/ul>\n<\/div><\/div><\/div>[\/vc_column_inner][vc_column_inner][\/vc_column_inner][\/vc_row_inner]<div class=\"cz_gap clr \" style=\"height: 60px\"><\/div>[\/vc_column][\/vc_row][vc_row full_width=&#8220;stretch_row&#8220; css=&#8220;.vc_custom_1532325012265{background-color: #212121 !important;}&#8220;][vc_column]<div class=\"cz_gap clr \" style=\"height: 90px\"><\/div><div id=\"cz_56498\" class=\"cz_56498 cz_title clr cz_title_pos_inline tac\"><div class=\"cz_title_content\"><span class=\"cz_line_side_solo\">_<\/span><div class=\"cz_wpe_content\"><h3 style=\"text-align: center;\"><span style=\"font-size: 36px;\"><span style=\"color: #ffffff;\">Na\u0161e\u00a0<\/span>\u00a0<span style=\"color: #cc2c24;\">technika<\/span><\/span><\/h3>\n<p style=\"text-align: center;\"><span style=\"font-size: 18px; color: #aaaaaa;\">N\u011bco m\u00e1lo z na\u0161\u00ed techniky<\/span><\/p>\n<\/div><span class=\"cz_line_side_solo cz_line_side_after\">_<\/span><\/div><\/div><div class=\"cz_gap clr \" style=\"height: 50px\"><\/div>[vc_row_inner][vc_column_inner offset=&#8220;vc_col-md-3&#8243;]<div id=\"cz_46799\" class=\"cz_46799 cz_team mb30 clr cz_team_always_show cz_team_4\"><div class=\"cz_team_img\"><img width=\"400\" height=\"400\" src=\"data:image\/svg+xml,%3Csvg%20xmlns%3D&#39;http%3A%2F%2Fwww.w3.org%2F2000%2Fsvg&#39;%20width=&#39;400&#39;%20height=&#39;400&#39;%20viewBox%3D&#39;0%200%20400%20400&#39;%2F%3E\" data-czlz data-src=\"https:\/\/www.obchod-servis.cz\/wp-content\/uploads\/2019\/07\/ATEGO400.jpg\" class=\"attachment-full\" alt=\"\" data-srcset=\"https:\/\/www.obchod-servis.cz\/wp-content\/uploads\/2019\/07\/ATEGO400.jpg 400w, https:\/\/www.obchod-servis.cz\/wp-content\/uploads\/2019\/07\/ATEGO400-80x80.jpg 80w, https:\/\/www.obchod-servis.cz\/wp-content\/uploads\/2019\/07\/ATEGO400-300x300.jpg 300w\" data-sizes=\"(max-width: 400px) 100vw, 400px\" \/><div class=\"cz_team_social cz_social clr cz_social_colored cz_social_fx_2 cz_tooltip cz_tooltip_up\"><div class=\"cz_team_social_in\"><\/div><\/div><\/div><div class=\"cz_team_content cz_wpe_content\"><h4 style=\"text-align: center;\"><span style=\"color: #ffffff;\"><strong>ATEGO 1528<\/strong><\/span><\/h4>\n<p style=\"text-align: center;\"><span style=\"color: #999999;\">Kontejner na sypk\u00e9 materi\u00e1ly<\/span><\/p>\n<\/div><\/div>[\/vc_column_inner][vc_column_inner offset=&#8220;vc_col-md-3&#8243;]<div id=\"cz_95045\" class=\"cz_95045 cz_team mb30 clr cz_team_always_show cz_team_4\"><div class=\"cz_team_img\"><img width=\"400\" height=\"400\" src=\"data:image\/svg+xml,%3Csvg%20xmlns%3D&#39;http%3A%2F%2Fwww.w3.org%2F2000%2Fsvg&#39;%20width=&#39;400&#39;%20height=&#39;400&#39;%20viewBox%3D&#39;0%200%20400%20400&#39;%2F%3E\" data-czlz data-src=\"https:\/\/www.obchod-servis.cz\/wp-content\/uploads\/2019\/07\/BAR400.jpg\" class=\"attachment-full\" alt=\"\" data-srcset=\"https:\/\/www.obchod-servis.cz\/wp-content\/uploads\/2019\/07\/BAR400.jpg 400w, https:\/\/www.obchod-servis.cz\/wp-content\/uploads\/2019\/07\/BAR400-80x80.jpg 80w, https:\/\/www.obchod-servis.cz\/wp-content\/uploads\/2019\/07\/BAR400-300x300.jpg 300w\" data-sizes=\"(max-width: 400px) 100vw, 400px\" \/><div class=\"cz_team_social cz_social clr cz_social_colored cz_social_fx_2 cz_tooltip cz_tooltip_up\"><div class=\"cz_team_social_in\"><\/div><\/div><\/div><div class=\"cz_team_content cz_wpe_content\"><h4 style=\"text-align: center;\"><span style=\"color: #ffffff;\"><strong>TAKEUCHI TB138FR<\/strong><\/span><\/h4>\n<p style=\"text-align: center;\"><span style=\"color: #999999;\">BARFORD SXR8000<\/span><\/p>\n<\/div><\/div>[\/vc_column_inner][vc_column_inner offset=&#8220;vc_col-md-3&#8243;]<div id=\"cz_66521\" class=\"cz_66521 cz_team mb30 clr cz_team_always_show cz_team_4\"><div class=\"cz_team_img\"><img width=\"400\" height=\"400\" src=\"data:image\/svg+xml,%3Csvg%20xmlns%3D&#39;http%3A%2F%2Fwww.w3.org%2F2000%2Fsvg&#39;%20width=&#39;400&#39;%20height=&#39;400&#39;%20viewBox%3D&#39;0%200%20400%20400&#39;%2F%3E\" data-czlz data-src=\"https:\/\/www.obchod-servis.cz\/wp-content\/uploads\/2019\/07\/DEMP400.jpg\" class=\"attachment-full\" alt=\"\" data-srcset=\"https:\/\/www.obchod-servis.cz\/wp-content\/uploads\/2019\/07\/DEMP400.jpg 400w, https:\/\/www.obchod-servis.cz\/wp-content\/uploads\/2019\/07\/DEMP400-80x80.jpg 80w, https:\/\/www.obchod-servis.cz\/wp-content\/uploads\/2019\/07\/DEMP400-300x300.jpg 300w\" data-sizes=\"(max-width: 400px) 100vw, 400px\" \/><div class=\"cz_team_social cz_social clr cz_social_colored cz_social_fx_2 cz_tooltip cz_tooltip_up\"><div class=\"cz_team_social_in\"><\/div><\/div><\/div><div class=\"cz_team_content cz_wpe_content\"><h4 style=\"text-align: center;\"><span style=\"color: #ffffff;\"><strong>BARFORD SXR8000<\/strong><\/span><\/h4>\n<p style=\"text-align: center;\"><span style=\"color: #999999;\">Ter\u00e9nn\u00ed demper<\/span><\/p>\n<\/div><\/div>[\/vc_column_inner][vc_column_inner offset=&#8220;vc_col-md-3&#8243;]<div id=\"cz_105165\" class=\"cz_105165 cz_team mb30 clr cz_team_always_show cz_team_4\"><div class=\"cz_team_img\"><img width=\"400\" height=\"400\" src=\"data:image\/svg+xml,%3Csvg%20xmlns%3D&#39;http%3A%2F%2Fwww.w3.org%2F2000%2Fsvg&#39;%20width=&#39;400&#39;%20height=&#39;400&#39;%20viewBox%3D&#39;0%200%20400%20400&#39;%2F%3E\" data-czlz data-src=\"https:\/\/www.obchod-servis.cz\/wp-content\/uploads\/2019\/07\/ATEGOHR400.jpg\" class=\"attachment-full\" alt=\"\" data-srcset=\"https:\/\/www.obchod-servis.cz\/wp-content\/uploads\/2019\/07\/ATEGOHR400.jpg 400w, https:\/\/www.obchod-servis.cz\/wp-content\/uploads\/2019\/07\/ATEGOHR400-80x80.jpg 80w, https:\/\/www.obchod-servis.cz\/wp-content\/uploads\/2019\/07\/ATEGOHR400-300x300.jpg 300w\" data-sizes=\"(max-width: 400px) 100vw, 400px\" \/><div class=\"cz_team_social cz_social clr cz_social_colored cz_social_fx_2 cz_tooltip cz_tooltip_up\"><div class=\"cz_team_social_in\"><\/div><\/div><\/div><div class=\"cz_team_content cz_wpe_content\"><h4 style=\"text-align: center;\"><span style=\"color: #ffffff;\"><strong>ATEGO 1528<\/strong><\/span><\/h4>\n<p style=\"text-align: center;\"><span style=\"color: #999999;\">Kontejner s Hydraulickou rukou<\/span><\/p>\n<\/div><\/div>[\/vc_column_inner][\/vc_row_inner]<div class=\"cz_gap clr \" style=\"height: 70px\"><\/div>[\/vc_column][\/vc_row][vc_row][vc_column]<div class=\"cz_gap clr \" style=\"height: 80px\"><\/div>[\/vc_column][\/vc_row][vc_row][vc_column]<div id=\"cz_55817\" class=\"cz_55817 cz_title clr cz_title_pos_inline tac\"><div class=\"cz_title_content\"><span class=\"cz_line_side_solo\">_<\/span><div class=\"cz_wpe_content\"><h3 style=\"text-align: center;\"><span style=\"font-size: 36px;\">Na\u0161i\u00a0\u00a0<span style=\"color: #cc2c24;\">obchodn\u00ed <span style=\"color: #333333;\">partne\u0159i<\/span><\/span><\/span><\/h3>\n<p style=\"text-align: center;\"><span style=\"font-size: 18px;\">\u00a8P\u0159\u00edjemn\u00e1 je vzpom\u00ednka na minul\u00e9 pr\u00e1ce.\u00a8<\/span><\/p>\n<\/div><span class=\"cz_line_side_solo cz_line_side_after\">_<\/span><\/div><\/div><div class=\"cz_gap clr \" style=\"height: 50px\"><\/div><div id=\"cz_59290\" class=\"cz_grid_p cz_59290\"><div class=\"cz_grid cz_grid_1 clr cz_grid_c5 cz_grid_1_no_hover cz_grid_1_mid tac\" data-animation=\"cz_grid_anim_zoom_in\"><div class=\"cz_grid_item cz_grid_first\"><\/div><div class=\"cz_grid_item cz_gallery2\"><div><a class=\"cz_grid_link \" href=\"#!\" target=\"_blank\" data-xtra-lightbox><img width=\"300\" height=\"150\" src=\"data:image\/svg+xml,%3Csvg%20xmlns%3D&#39;http%3A%2F%2Fwww.w3.org%2F2000%2Fsvg&#39;%20width=&#39;300&#39;%20height=&#39;150&#39;%20viewBox%3D&#39;0%200%20300%20150&#39;%2F%3E\" data-czlz data-src=\"https:\/\/www.obchod-servis.cz\/wp-content\/uploads\/2020\/11\/tecam.jpg\" class=\"attachment-codevz_600_600\" alt=\"\" data-srcset=\"https:\/\/www.obchod-servis.cz\/wp-content\/uploads\/2020\/11\/tecam.jpg 300w, https:\/\/www.obchod-servis.cz\/wp-content\/uploads\/2020\/11\/tecam-80x40.jpg 80w\" data-sizes=\"(max-width: 300px) 100vw, 300px\" \/><div class=\"cz_grid_details\"><i class=\"fa fa-search cz_grid_icon\"><\/i><\/div><\/a><\/div><\/div><div class=\"cz_grid_item cz_gallery2\"><div><a class=\"cz_grid_link \" href=\"#!\" target=\"_blank\" data-xtra-lightbox><img width=\"300\" height=\"150\" src=\"data:image\/svg+xml,%3Csvg%20xmlns%3D&#39;http%3A%2F%2Fwww.w3.org%2F2000%2Fsvg&#39;%20width=&#39;300&#39;%20height=&#39;150&#39;%20viewBox%3D&#39;0%200%20300%20150&#39;%2F%3E\" data-czlz data-src=\"https:\/\/www.obchod-servis.cz\/wp-content\/uploads\/2019\/01\/hronek.jpg\" class=\"attachment-codevz_600_600\" alt=\"\" data-srcset=\"https:\/\/www.obchod-servis.cz\/wp-content\/uploads\/2019\/01\/hronek.jpg 300w, https:\/\/www.obchod-servis.cz\/wp-content\/uploads\/2019\/01\/hronek-80x40.jpg 80w\" data-sizes=\"(max-width: 300px) 100vw, 300px\" \/><div class=\"cz_grid_details\"><i class=\"fa fa-search cz_grid_icon\"><\/i><\/div><\/a><\/div><\/div><div class=\"cz_grid_item cz_gallery2\"><div><a class=\"cz_grid_link \" href=\"#!\" target=\"_blank\" data-xtra-lightbox><img width=\"300\" height=\"150\" src=\"data:image\/svg+xml,%3Csvg%20xmlns%3D&#39;http%3A%2F%2Fwww.w3.org%2F2000%2Fsvg&#39;%20width=&#39;300&#39;%20height=&#39;150&#39;%20viewBox%3D&#39;0%200%20300%20150&#39;%2F%3E\" data-czlz data-src=\"https:\/\/www.obchod-servis.cz\/wp-content\/uploads\/2019\/01\/dektrade.jpg\" class=\"attachment-codevz_600_600\" alt=\"\" data-srcset=\"https:\/\/www.obchod-servis.cz\/wp-content\/uploads\/2019\/01\/dektrade.jpg 300w, https:\/\/www.obchod-servis.cz\/wp-content\/uploads\/2019\/01\/dektrade-80x40.jpg 80w\" data-sizes=\"(max-width: 300px) 100vw, 300px\" \/><div class=\"cz_grid_details\"><i class=\"fa fa-search cz_grid_icon\"><\/i><\/div><\/a><\/div><\/div><div class=\"cz_grid_item cz_gallery2\"><div><a class=\"cz_grid_link \" href=\"#!\" target=\"_blank\" data-xtra-lightbox><img width=\"300\" height=\"150\" src=\"data:image\/svg+xml,%3Csvg%20xmlns%3D&#39;http%3A%2F%2Fwww.w3.org%2F2000%2Fsvg&#39;%20width=&#39;300&#39;%20height=&#39;150&#39;%20viewBox%3D&#39;0%200%20300%20150&#39;%2F%3E\" data-czlz data-src=\"https:\/\/www.obchod-servis.cz\/wp-content\/uploads\/2019\/01\/kbblok.jpg\" class=\"attachment-codevz_600_600\" alt=\"\" data-srcset=\"https:\/\/www.obchod-servis.cz\/wp-content\/uploads\/2019\/01\/kbblok.jpg 300w, https:\/\/www.obchod-servis.cz\/wp-content\/uploads\/2019\/01\/kbblok-80x40.jpg 80w\" data-sizes=\"(max-width: 300px) 100vw, 300px\" \/><div class=\"cz_grid_details\"><i class=\"fa fa-search cz_grid_icon\"><\/i><\/div><\/a><\/div><\/div><div class=\"cz_grid_item cz_gallery2\"><div><a class=\"cz_grid_link \" href=\"#!\" target=\"_blank\" data-xtra-lightbox><img width=\"300\" height=\"150\" src=\"data:image\/svg+xml,%3Csvg%20xmlns%3D&#39;http%3A%2F%2Fwww.w3.org%2F2000%2Fsvg&#39;%20width=&#39;300&#39;%20height=&#39;150&#39;%20viewBox%3D&#39;0%200%20300%20150&#39;%2F%3E\" data-czlz data-src=\"https:\/\/www.obchod-servis.cz\/wp-content\/uploads\/2019\/01\/prodoma.jpg\" class=\"attachment-codevz_600_600\" alt=\"\" data-srcset=\"https:\/\/www.obchod-servis.cz\/wp-content\/uploads\/2019\/01\/prodoma.jpg 300w, https:\/\/www.obchod-servis.cz\/wp-content\/uploads\/2019\/01\/prodoma-80x40.jpg 80w\" data-sizes=\"(max-width: 300px) 100vw, 300px\" \/><div class=\"cz_grid_details\"><i class=\"fa fa-search cz_grid_icon\"><\/i><\/div><\/a><\/div><\/div><\/div><\/div>[\/vc_column][\/vc_row]<\/p>\n","protected":false},"excerpt":{"rendered":"<p>[vc_row][vc_column][\/vc_column][\/vc_row][vc_row][vc_column][vc_row_inner][vc_column_inner width=&#8220;1\/2&#8243;][\/vc_column_inner][vc_column_inner width=&#8220;1\/2&#8243;][\/vc_column_inner][vc_column_inner][\/vc_column_inner][\/vc_row_inner][\/vc_column][\/vc_row][vc_row full_width=&#8220;stretch_row&#8220; css=&#8220;.vc_custom_1532325012265{background-color: #212121 !important;}&#8220;][vc_column][vc_row_inner][vc_column_inner offset=&#8220;vc_col-md-3&#8243;][\/vc_column_inner][vc_column_inner offset=&#8220;vc_col-md-3&#8243;][\/vc_column_inner][vc_column_inner offset=&#8220;vc_col-md-3&#8243;][\/vc_column_inner][vc_column_inner offset=&#8220;vc_col-md-3&#8243;][\/vc_column_inner][\/vc_row_inner][\/vc_column][\/vc_row][vc_row][vc_column][\/vc_column][\/vc_row][vc_row][vc_column][\/vc_column][\/vc_row] &#8230; <\/p>\n","protected":false},"author":1,"featured_media":0,"parent":0,"menu_order":0,"comment_status":"closed","ping_status":"closed","template":"","meta":[],"_links":{"self":[{"href":"https:\/\/www.obchod-servis.cz\/index.php?rest_route=\/wp\/v2\/pages\/881"}],"collection":[{"href":"https:\/\/www.obchod-servis.cz\/index.php?rest_route=\/wp\/v2\/pages"}],"about":[{"href":"https:\/\/www.obchod-servis.cz\/index.php?rest_route=\/wp\/v2\/types\/page"}],"author":[{"embeddable":true,"href":"https:\/\/www.obchod-servis.cz\/index.php?rest_route=\/wp\/v2\/users\/1"}],"replies":[{"embeddable":true,"href":"https:\/\/www.obchod-servis.cz\/index.php?rest_route=%2Fwp%2Fv2%2Fcomments&post=881"}],"version-history":[{"count":20,"href":"https:\/\/www.obchod-servis.cz\/index.php?rest_route=\/wp\/v2\/pages\/881\/revisions"}],"predecessor-version":[{"id":1949,"href":"https:\/\/www.obchod-servis.cz\/index.php?rest_route=\/wp\/v2\/pages\/881\/revisions\/1949"}],"wp:attachment":[{"href":"https:\/\/www.obchod-servis.cz\/index.php?rest_route=%2Fwp%2Fv2%2Fmedia&parent=881"}],"curies":[{"name":"wp","href":"https:\/\/api.w.org\/{rel}","templated":true}]}}